{"id":4669,"date":"2020-02-13T10:44:17","date_gmt":"2020-02-13T09:44:17","guid":{"rendered":"http:\/\/mossala-island-resort.com\/fi\/?page_id=4669"},"modified":"2020-02-13T12:16:00","modified_gmt":"2020-02-13T11:16:00","slug":"about-us","status":"publish","type":"page","link":"https:\/\/mossala-island-resort.com\/sv\/about-us\/","title":{"rendered":"OM MOSSALA"},"content":{"rendered":"<div class=\"vce-row-container\"><div class=\"vce-row vce-row--col-gap-30 vce-row-columns--top vce-row-content--top\" id=\"el-34269cbc\" data-vce-do-apply=\"all el-34269cbc\"><div class=\"vce-row-content\" data-vce-element-content=\"true\"><div class=\"vce-col\" id=\"el-4fdab1cf\"><div class=\"vce-col-inner\" data-vce-do-apply=\"border margin background  el-4fdab1cf\"><div class=\"vce-col-content\" data-vce-element-content=\"true\" data-vce-do-apply=\"padding el-4fdab1cf\"><div class=\"vce-text-block\"><div class=\"vce-text-block-wrapper vce\" id=\"el-aa42f379\" data-vce-do-apply=\"all el-aa42f379\"><h2><em><strong>Om Mossala Island Resort<\/strong><\/em><\/h2><\/div><\/div><div class=\"vce vce-separator-container vce-separator--align-center vce-separator--style-solid\" id=\"el-b4784ac2\" data-vce-do-apply=\"margin el-b4784ac2\"><div class=\"vce-separator vce-separator--color-bfc0c1 vce-separator--width-100 vce-separator--thickness-1\" data-vce-do-apply=\"border padding background  el-b4784ac2\"><\/div><\/div><\/div><\/div><\/div><\/div><\/div><\/div><div class=\"vce-row-container\"><div class=\"vce-row vce-row--col-gap-30 vce-row-columns--top vce-row-content--top\" id=\"el-cf04ab98\" data-vce-do-apply=\"all el-cf04ab98\"><div class=\"vce-row-content\" data-vce-element-content=\"true\"><div class=\"vce-col vce-col--md-65-53p vce-col--xs-1 vce-col--xs-last vce-col--xs-first vce-col--sm-last vce-col--sm-first vce-col--md-first vce-col--lg-first vce-col--xl-first\" id=\"el-29b836d2\"><div class=\"vce-col-inner\" data-vce-do-apply=\"border margin background  el-29b836d2\"><div class=\"vce-col-content\" data-vce-element-content=\"true\" data-vce-do-apply=\"padding el-29b836d2\"><div class=\"vce-text-block\"><div class=\"vce-text-block-wrapper vce\" id=\"el-2a9db104\" data-vce-do-apply=\"all el-2a9db104\"><p>I mitten av Finlands sydv\u00e4stra sk\u00e4rg\u00e5rds nationalpark ligger Mossala Island Resort, som erbjuder dig en unik avkopplande vistelse f\u00f6r b\u00e5de kropp och sj\u00e4l.<br>Den avkopplande omgivningen best\u00e5ende av \u00f6ver 20.000 \u00f6ar utg\u00f6r ett perfekt omr\u00e5de f\u00f6r uteaktiviteter och f\u00f6r att utforska den vilda omkring dig och inom dig.<br>Ifall du \u00f6nskar att fly vardagslivet och stressen f\u00f6r att kunna ta ett djupt andetag och njuta av tystnaden eller spendera inspirerande tid med din familj eller v\u00e4nner; ifall du l\u00e4ngtar efter romantiska stunder vid solnedg\u00e5ngen eller runt en brasa eller om du \u00e4r en sportig frilufts entusiast som alltid s\u00f6ker efter naturaction \u00e4r detta r\u00e4tta st\u00e4llet f\u00f6r dig.<\/p><p>Under de senaste fem \u00e5ren har vi lagt mycket tid, energi, k\u00e4rlek och engagemang f\u00f6r att f\u00f6rb\u00e4ttra \u00f6ns tidigare fritidscenter fr\u00e5n 70\u2019talet och etablera dagens ekov\u00e4nliga Mossala Island Resort f\u00f6r att garantera en holistisk och h\u00e5llbar turismupplevelse \u2013 en vistelse som kommer att f\u00e5 dig att m\u00e5 b\u00e4ttre p\u00e5 alla s\u00e4tt efter\u00e5t.<\/p><\/div><\/div><\/div><\/div><\/div><div class=\"vce-col vce-col--md-34-46p vce-col--xs-1 vce-col--xs-last vce-col--xs-first vce-col--sm-last vce-col--sm-first vce-col--md-last vce-col--lg-last vce-col--xl-last\" id=\"el-0ee54449\"><div class=\"vce-col-inner\" data-vce-do-apply=\"border margin background  el-0ee54449\"><div class=\"vce-col-content\" data-vce-element-content=\"true\" data-vce-do-apply=\"padding el-0ee54449\"><div class=\"vce-single-image-container vce-single-image--align-left\"><div class=\"vce vce-single-image-wrapper\" id=\"el-1ca3ba46\" data-vce-do-apply=\"all el-1ca3ba46\"><figure><div class=\"vce-single-image-inner vce-single-image--absolute\" style=\"padding-bottom: 51.1111%; width: 450px;\"><img class=\"vce-single-image\" width=\"450\" height=\"230\"src=\"https:\/\/mossala-island-resort.com\/wp-content\/uploads\/2020\/02\/View_Ocean_450px-450x230.jpg\" srcset=\"https:\/\/mossala-island-resort.com\/wp-content\/uploads\/2020\/02\/View_Ocean_450px-320x164.jpg 320w,https:\/\/mossala-island-resort.com\/wp-content\/uploads\/2020\/02\/View_Ocean_450px-450x230.jpg 450w\" data-img-src=\"https:\/\/mossala-island-resort.com\/wp-content\/uploads\/2013\/12\/View_Ocean_450px.jpg\" alt=\"\" title=\"View_Ocean_450px\"\/><\/div><\/figure><\/div><\/div><\/div><\/div><\/div><\/div><\/div><\/div><div class=\"vce-row-container\"><div class=\"vce-row vce-row--col-gap-30 vce-row-columns--top vce-row-content--top\" id=\"el-abcc3523\" data-vce-do-apply=\"all el-abcc3523\"><div class=\"vce-row-content\" data-vce-element-content=\"true\"><div class=\"vce-col\" id=\"el-11f1c068\"><div class=\"vce-col-inner\" data-vce-do-apply=\"border margin background  el-11f1c068\"><div class=\"vce-col-content\" data-vce-element-content=\"true\" data-vce-do-apply=\"padding el-11f1c068\"><div class=\"vce-text-block\"><div class=\"vce-text-block-wrapper vce\" id=\"el-0a82efff\" data-vce-do-apply=\"all el-0a82efff\"><h4 style=\"text-align: center;\">\u201cNjut av en natursk\u00f6n omgivning och skapa ditt eget \u00e4ventyr!\u201d<\/h4><\/div><\/div><div class=\"vce vce-separator-container vce-separator--align-center vce-separator--style-solid\" id=\"el-265d9e81\" data-vce-do-apply=\"margin el-265d9e81\"><div class=\"vce-separator vce-separator--color-bfc0c1 vce-separator--width-100 vce-separator--thickness-1\" data-vce-do-apply=\"border padding background  el-265d9e81\"><\/div><\/div><\/div><\/div><\/div><\/div><\/div><\/div><div class=\"vce-row-container\"><div class=\"vce-row vce-row--col-gap-30 vce-row-columns--top vce-row-content--top\" id=\"el-999ab809\" data-vce-do-apply=\"all el-999ab809\"><div class=\"vce-row-content\" data-vce-element-content=\"true\"><div class=\"vce-col vce-col--md-65-53p vce-col--xs-1 vce-col--xs-last vce-col--xs-first vce-col--sm-last vce-col--sm-first vce-col--md-first vce-col--lg-first vce-col--xl-first\" id=\"el-f263dd61\"><div class=\"vce-col-inner\" data-vce-do-apply=\"border margin background  el-f263dd61\"><div class=\"vce-col-content\" data-vce-element-content=\"true\" data-vce-do-apply=\"padding el-f263dd61\"><div class=\"vce-text-block\"><div class=\"vce-text-block-wrapper vce\" id=\"el-1e3bed73\" data-vce-do-apply=\"all el-1e3bed73\"><p>Vi erbjuder ett brett urval mysiga tr\u00e4- och stockstugor varav vissa har egen bastu eller eldstad, bel\u00e4gna intill havet eller omsorgsfullt inb\u00e4ddade bland tr\u00e4den p\u00e5 Mossalas nord\u00f6stra udde.<\/p>\n<p>Vissa av er kanske ocks\u00e5 \u00e4r intresserade av v\u00e5r exklusiva lyxstuga och vissa kanske f\u00f6redrar v\u00e5rt fullt utrustade camping- eller husvagnsomr\u00e5de.<\/p><\/div><\/div><\/div><\/div><\/div><div class=\"vce-col vce-col--md-34-46p vce-col--xs-1 vce-col--xs-last vce-col--xs-first vce-col--sm-last vce-col--sm-first vce-col--md-last vce-col--lg-last vce-col--xl-last\" id=\"el-27e0602f\"><div class=\"vce-col-inner\" data-vce-do-apply=\"border margin background  el-27e0602f\"><div class=\"vce-col-content\" data-vce-element-content=\"true\" data-vce-do-apply=\"padding el-27e0602f\"><div class=\"vce-single-image-container vce-single-image--align-left\"><div class=\"vce vce-single-image-wrapper\" id=\"el-f6e995fd\" data-vce-do-apply=\"all el-f6e995fd\"><figure><div class=\"vce-single-image-inner vce-single-image--absolute\" style=\"padding-bottom: 51.1111%; width: 450px;\"><img class=\"vce-single-image\" width=\"450\" height=\"230\"src=\"https:\/\/mossala-island-resort.com\/wp-content\/uploads\/2020\/02\/Blick_Haus_450px_n-450x230.jpg\" srcset=\"https:\/\/mossala-island-resort.com\/wp-content\/uploads\/2020\/02\/Blick_Haus_450px_n-320x164.jpg 320w,https:\/\/mossala-island-resort.com\/wp-content\/uploads\/2020\/02\/Blick_Haus_450px_n-450x230.jpg 450w\" data-img-src=\"https:\/\/mossala-island-resort.com\/wp-content\/uploads\/2013\/12\/Blick_Haus_450px_n.jpg\" alt=\"\" title=\"Blick_Haus_450px_n\"\/><\/div><\/figure><\/div><\/div><\/div><\/div><\/div><\/div><\/div><\/div><div class=\"vce-row-container\"><div class=\"vce-row vce-row--col-gap-30 vce-row-columns--top vce-row-content--top\" id=\"el-613f4386\" data-vce-do-apply=\"all el-613f4386\"><div class=\"vce-row-content\" data-vce-element-content=\"true\"><div class=\"vce-col\" id=\"el-3d3d6763\"><div class=\"vce-col-inner\" data-vce-do-apply=\"border margin background  el-3d3d6763\"><div class=\"vce-col-content\" data-vce-element-content=\"true\" data-vce-do-apply=\"padding el-3d3d6763\"><div class=\"vce-text-block\"><div class=\"vce-text-block-wrapper vce\" id=\"el-4559e371\" data-vce-do-apply=\"all el-4559e371\"><h4 style=\"text-align: center;\">\u201cDet \u00e4r upp till dig \u2013 hemma \u00e4r d\u00e4r hj\u00e4rtat \u00e4r\u201d<\/h4><\/div><\/div><div class=\"vce vce-separator-container vce-separator--align-center vce-separator--style-solid\" id=\"el-f6cb136c\" data-vce-do-apply=\"margin el-f6cb136c\"><div class=\"vce-separator vce-separator--color-bfc0c1 vce-separator--width-100 vce-separator--thickness-1\" data-vce-do-apply=\"border padding background  el-f6cb136c\"><\/div><\/div><\/div><\/div><\/div><\/div><\/div><\/div><div class=\"vce-row-container\"><div class=\"vce-row vce-row--col-gap-30 vce-row-columns--top vce-row-content--top\" id=\"el-7cab3231\" data-vce-do-apply=\"all el-7cab3231\"><div class=\"vce-row-content\" data-vce-element-content=\"true\"><div class=\"vce-col vce-col--md-65-53p vce-col--xs-1 vce-col--xs-last vce-col--xs-first vce-col--sm-last vce-col--sm-first vce-col--md-first vce-col--lg-first vce-col--xl-first\" id=\"el-d04a5873\"><div class=\"vce-col-inner\" data-vce-do-apply=\"border margin background  el-d04a5873\"><div class=\"vce-col-content\" data-vce-element-content=\"true\" data-vce-do-apply=\"padding el-d04a5873\"><div class=\"vce-text-block\"><div class=\"vce-text-block-wrapper vce\" id=\"el-3da1a712\" data-vce-do-apply=\"all el-3da1a712\"><p>V\u00e5rt v\u00e4nliga team p\u00e5 baren ser fram emot att sk\u00e4mma bort dig med uts\u00f6kt mat och drinkar medan du njuter av havsutsikten. Oberoende om du \u00e4r p\u00e5 en l\u00e4ngre resa eller bara \u00e4r p\u00e5 en liten utflykt med b\u00e5ten, \u00e4r du hj\u00e4rtligt v\u00e4lkommen att f\u00f6rt\u00f6ja den s\u00e4kert vid v\u00e5r hamn. H\u00e4r hos oss \u00e4r naturen det huvudsakliga omr\u00e5det f\u00f6r fritidsaktiviteter. \u00c5teraktivera din inre styrka, utmana dig fysiskt och bel\u00f6na din kropp genom olika vattensporter i en hisnande omgivning.<\/p>\n<p>Alternativt kan du utforska \u00f6n och sk\u00e4rg\u00e5rden genom \u00e4ventyrliga utflykter till havs eller lands. Testa din precision med en runda frisbeegolf eller volleyboll gratis i v\u00e5r natursk\u00f6na omgivning. Ladda dina batterier och unna ditt sinne och sj\u00e4l en kombination av avkoppling och \u00e4ventyr p\u00e5 en b\u00e5t- eller fiskeutf\u00e4rd.<\/p>\n<p>Bege dig p\u00e5 en lugnande vandring genom Mossalas frodiga skogar var du ocks\u00e5 kan hitta goda vilda \u00f6rter, svampar och b\u00e4r \u2013 de perfekta tillbeh\u00f6ren till den f\u00e4rska fisken du har f\u00e5ngat och nu skall grilla precis framf\u00f6r din stuga. Det finns massor av roliga sport och fritidsaktiviteter f\u00f6r alla p\u00e5 Mossala Island Resort och vi \u00e4r m\u00e5na om att erbjuda fler och fler i framtiden.<\/p><\/div><\/div><\/div><\/div><\/div><div class=\"vce-col vce-col--md-34-46p vce-col--xs-1 vce-col--xs-last vce-col--xs-first vce-col--sm-last vce-col--sm-first vce-col--md-last vce-col--lg-last vce-col--xl-last\" id=\"el-9d210bbb\"><div class=\"vce-col-inner\" data-vce-do-apply=\"border margin background  el-9d210bbb\"><div class=\"vce-col-content\" data-vce-element-content=\"true\" data-vce-do-apply=\"padding el-9d210bbb\"><div class=\"vce-single-image-container vce-single-image--align-left\"><div class=\"vce vce-single-image-wrapper\" id=\"el-127c5223\" data-vce-do-apply=\"all el-127c5223\"><figure><div class=\"vce-single-image-inner vce-single-image--absolute\" style=\"padding-bottom: 51.1111%; width: 450px;\"><img class=\"vce-single-image\" width=\"450\" height=\"230\"src=\"https:\/\/mossala-island-resort.com\/wp-content\/uploads\/2020\/02\/Blick_Turm_450px-450x230.jpg\" srcset=\"https:\/\/mossala-island-resort.com\/wp-content\/uploads\/2020\/02\/Blick_Turm_450px-320x164.jpg 320w,https:\/\/mossala-island-resort.com\/wp-content\/uploads\/2020\/02\/Blick_Turm_450px-450x230.jpg 450w\" data-img-src=\"https:\/\/mossala-island-resort.com\/wp-content\/uploads\/2013\/12\/Blick_Turm_450px.jpg\" alt=\"\" title=\"Blick_Turm_450px\"\/><\/div><\/figure><\/div><\/div><\/div><\/div><\/div><\/div><\/div><\/div><div class=\"vce-row-container\"><div class=\"vce-row vce-row--col-gap-30 vce-row-columns--top vce-row-content--top\" id=\"el-80d9121d\" data-vce-do-apply=\"all el-80d9121d\"><div class=\"vce-row-content\" data-vce-element-content=\"true\"><div class=\"vce-col\" id=\"el-5ed3aa13\"><div class=\"vce-col-inner\" data-vce-do-apply=\"border margin background  el-5ed3aa13\"><div class=\"vce-col-content\" data-vce-element-content=\"true\" data-vce-do-apply=\"padding el-5ed3aa13\"><div class=\"vce-text-block\"><div class=\"vce-text-block-wrapper vce\" id=\"el-b4067d65\" data-vce-do-apply=\"all el-b4067d65\"><h4 style=\"color: #7b7b7b; text-align: center;\">\u201cFly vardagslivet \u2013 du \u00e4r v\u00e4rd det!\u201d<\/h4><\/div><\/div><div class=\"vce vce-separator-container vce-separator--align-center vce-separator--style-solid\" id=\"el-3a1cb6ce\" data-vce-do-apply=\"margin el-3a1cb6ce\"><div class=\"vce-separator vce-separator--color-bfc0c1 vce-separator--width-100 vce-separator--thickness-1\" data-vce-do-apply=\"border padding background  el-3a1cb6ce\"><\/div><\/div><\/div><\/div><\/div><\/div><\/div><\/div><div class=\"vce-row-container\"><div class=\"vce-row vce-row--col-gap-30 vce-row-columns--top vce-row-content--top\" id=\"el-86bced35\" data-vce-do-apply=\"all el-86bced35\"><div class=\"vce-row-content\" data-vce-element-content=\"true\"><div class=\"vce-col\" id=\"el-4683c5dd\"><div class=\"vce-col-inner\" data-vce-do-apply=\"border margin background  el-4683c5dd\"><div class=\"vce-col-content\" data-vce-element-content=\"true\" data-vce-do-apply=\"padding el-4683c5dd\"><div class=\"vce-text-block\"><div class=\"vce-text-block-wrapper vce\" id=\"el-f8f474a6\" data-vce-do-apply=\"all el-f8f474a6\"><p>&nbsp;<\/p><p style=\"text-align: left;\"><img loading=\"lazy\" decoding=\"async\" class=\"alignleft\" src=\"http:\/\/www.nationalparks.fi\/documents\/10550\/367017\/SMKP_LOGO_UNESCO_MAB_En_color.jpg\/e246db88-227e-4e23-a91e-243160f98031?t=1436511475950\" alt=\"\" width=\"214\" height=\"122\"><\/p><p style=\"text-align: left;\">The Southwestern Archipelago National Park is part of the Archipelago Sea and Archipelago Biosphere Reserve (<a href=\"http:\/\/www.skargardshavetsbiosfaromrade.fi\" target=\"_blank\" rel=\"noopener noreferrer\">www.skargardshavetsbiosfaromrade.fi<\/a>).<\/p><p style=\"text-align: left;\">The goal of UNESCO's Man and the Biosphere (MAB) programme is to develop the living conditions of the area's inhabitants while maintaining the protection of nature and the environment.<\/p><\/div><\/div><\/div><\/div><\/div><\/div><\/div><\/div>\n","protected":false},"excerpt":{"rendered":"<p>Om Mossala Island ResortI mitten av Finlands sydv\u00e4stra sk\u00e4rg\u00e5rds nationalpark ligger Mossala Island Resort, som erbjuder dig en unik avkopplande vistelse f\u00f6r b\u00e5de kropp och sj\u00e4l.Den avkopplande omgivningen best\u00e5ende av \u00f6ver 20.000 \u00f6ar utg\u00f6r ett perfekt omr\u00e5de f\u00f6r uteaktiviteter och f\u00f6r att utforska den vilda omkring dig och inom dig.Ifall du \u00f6nskar att fly vardagslivet [&hellip;]<\/p>\n","protected":false},"author":3,"featured_media":0,"parent":0,"menu_order":0,"comment_status":"open","ping_status":"open","template":"page-home.php","meta":{"footnotes":""},"categories":[],"tags":[],"class_list":["post-4669","page","type-page","status-publish","hentry"],"yoast_head":"<!-- This site is optimized with the Yoast SEO plugin v25.2 - https:\/\/yoast.com\/wordpress\/plugins\/seo\/ -->\n<title>ABOUT US - Mossala Island Resort<\/title>\n<meta name=\"description\" content=\"Located in the heart of Finland\u2019s southwestern Archipelago National Park, Mossala Island Resort offers you a worldwide unique retreat. Visit us!\" \/>\n<meta name=\"robots\" content=\"index, follow, max-snippet:-1, max-image-preview:large, max-video-preview:-1\" \/>\n<link rel=\"canonical\" href=\"https:\/\/mossala-island-resort.com\/sv\/about-us\/\" \/>\n<meta property=\"og:locale\" content=\"sv_SE\" \/>\n<meta property=\"og:type\" content=\"article\" \/>\n<meta property=\"og:title\" content=\"ABOUT US - Mossala Island Resort\" \/>\n<meta property=\"og:description\" content=\"Located in the heart of Finland\u2019s southwestern Archipelago National Park, Mossala Island Resort offers you a worldwide unique retreat. Visit us!\" \/>\n<meta property=\"og:url\" content=\"https:\/\/mossala-island-resort.com\/sv\/about-us\/\" \/>\n<meta property=\"og:site_name\" content=\"Mossala Island Resort\" \/>\n<meta property=\"article:publisher\" content=\"https:\/\/www.facebook.com\/MossalaIslandResort\/\" \/>\n<meta property=\"article:modified_time\" content=\"2020-02-13T11:16:00+00:00\" \/>\n<meta property=\"og:image\" content=\"http:\/\/www.nationalparks.fi\/documents\/10550\/367017\/SMKP_LOGO_UNESCO_MAB_En_color.jpg\/e246db88-227e-4e23-a91e-243160f98031?t=1436511475950\" \/>\n<meta name=\"twitter:card\" content=\"summary_large_image\" \/>\n<meta name=\"twitter:label1\" content=\"Ber\u00e4knad l\u00e4stid\" \/>\n\t<meta name=\"twitter:data1\" content=\"3 minuter\" \/>\n<script type=\"application\/ld+json\" class=\"yoast-schema-graph\">{\"@context\":\"https:\/\/schema.org\",\"@graph\":[{\"@type\":\"WebPage\",\"@id\":\"https:\/\/mossala-island-resort.com\/sv\/about-us\/\",\"url\":\"https:\/\/mossala-island-resort.com\/sv\/about-us\/\",\"name\":\"ABOUT US - Mossala Island Resort\",\"isPartOf\":{\"@id\":\"https:\/\/mossala-island-resort.com\/#website\"},\"primaryImageOfPage\":{\"@id\":\"https:\/\/mossala-island-resort.com\/sv\/about-us\/#primaryimage\"},\"image\":{\"@id\":\"https:\/\/mossala-island-resort.com\/sv\/about-us\/#primaryimage\"},\"thumbnailUrl\":\"http:\/\/www.nationalparks.fi\/documents\/10550\/367017\/SMKP_LOGO_UNESCO_MAB_En_color.jpg\/e246db88-227e-4e23-a91e-243160f98031?t=1436511475950\",\"datePublished\":\"2020-02-13T09:44:17+00:00\",\"dateModified\":\"2020-02-13T11:16:00+00:00\",\"description\":\"Located in the heart of Finland\u2019s southwestern Archipelago National Park, Mossala Island Resort offers you a worldwide unique retreat. Visit us!\",\"breadcrumb\":{\"@id\":\"https:\/\/mossala-island-resort.com\/sv\/about-us\/#breadcrumb\"},\"inLanguage\":\"sv-SE\",\"potentialAction\":[{\"@type\":\"ReadAction\",\"target\":[\"https:\/\/mossala-island-resort.com\/sv\/about-us\/\"]}]},{\"@type\":\"ImageObject\",\"inLanguage\":\"sv-SE\",\"@id\":\"https:\/\/mossala-island-resort.com\/sv\/about-us\/#primaryimage\",\"url\":\"http:\/\/www.nationalparks.fi\/documents\/10550\/367017\/SMKP_LOGO_UNESCO_MAB_En_color.jpg\/e246db88-227e-4e23-a91e-243160f98031?t=1436511475950\",\"contentUrl\":\"http:\/\/www.nationalparks.fi\/documents\/10550\/367017\/SMKP_LOGO_UNESCO_MAB_En_color.jpg\/e246db88-227e-4e23-a91e-243160f98031?t=1436511475950\"},{\"@type\":\"BreadcrumbList\",\"@id\":\"https:\/\/mossala-island-resort.com\/sv\/about-us\/#breadcrumb\",\"itemListElement\":[{\"@type\":\"ListItem\",\"position\":1,\"name\":\"Home\",\"item\":\"https:\/\/mossala-island-resort.com\/sv\/\"},{\"@type\":\"ListItem\",\"position\":2,\"name\":\"OM MOSSALA\"}]},{\"@type\":\"WebSite\",\"@id\":\"https:\/\/mossala-island-resort.com\/#website\",\"url\":\"https:\/\/mossala-island-resort.com\/\",\"name\":\"Mossala Island Resort\",\"description\":\"Relaxation and adventure in the heart of the archipelago\",\"potentialAction\":[{\"@type\":\"SearchAction\",\"target\":{\"@type\":\"EntryPoint\",\"urlTemplate\":\"https:\/\/mossala-island-resort.com\/?s={search_term_string}\"},\"query-input\":{\"@type\":\"PropertyValueSpecification\",\"valueRequired\":true,\"valueName\":\"search_term_string\"}}],\"inLanguage\":\"sv-SE\"}]}<\/script>\n<!-- \/ Yoast SEO plugin. -->","yoast_head_json":{"title":"ABOUT US - Mossala Island Resort","description":"Located in the heart of Finland\u2019s southwestern Archipelago National Park, Mossala Island Resort offers you a worldwide unique retreat. Visit us!","robots":{"index":"index","follow":"follow","max-snippet":"max-snippet:-1","max-image-preview":"max-image-preview:large","max-video-preview":"max-video-preview:-1"},"canonical":"https:\/\/mossala-island-resort.com\/sv\/about-us\/","og_locale":"sv_SE","og_type":"article","og_title":"ABOUT US - Mossala Island Resort","og_description":"Located in the heart of Finland\u2019s southwestern Archipelago National Park, Mossala Island Resort offers you a worldwide unique retreat. Visit us!","og_url":"https:\/\/mossala-island-resort.com\/sv\/about-us\/","og_site_name":"Mossala Island Resort","article_publisher":"https:\/\/www.facebook.com\/MossalaIslandResort\/","article_modified_time":"2020-02-13T11:16:00+00:00","og_image":[{"url":"http:\/\/www.nationalparks.fi\/documents\/10550\/367017\/SMKP_LOGO_UNESCO_MAB_En_color.jpg\/e246db88-227e-4e23-a91e-243160f98031?t=1436511475950","type":"","width":"","height":""}],"twitter_card":"summary_large_image","twitter_misc":{"Ber\u00e4knad l\u00e4stid":"3 minuter"},"schema":{"@context":"https:\/\/schema.org","@graph":[{"@type":"WebPage","@id":"https:\/\/mossala-island-resort.com\/sv\/about-us\/","url":"https:\/\/mossala-island-resort.com\/sv\/about-us\/","name":"ABOUT US - Mossala Island Resort","isPartOf":{"@id":"https:\/\/mossala-island-resort.com\/#website"},"primaryImageOfPage":{"@id":"https:\/\/mossala-island-resort.com\/sv\/about-us\/#primaryimage"},"image":{"@id":"https:\/\/mossala-island-resort.com\/sv\/about-us\/#primaryimage"},"thumbnailUrl":"http:\/\/www.nationalparks.fi\/documents\/10550\/367017\/SMKP_LOGO_UNESCO_MAB_En_color.jpg\/e246db88-227e-4e23-a91e-243160f98031?t=1436511475950","datePublished":"2020-02-13T09:44:17+00:00","dateModified":"2020-02-13T11:16:00+00:00","description":"Located in the heart of Finland\u2019s southwestern Archipelago National Park, Mossala Island Resort offers you a worldwide unique retreat. Visit us!","breadcrumb":{"@id":"https:\/\/mossala-island-resort.com\/sv\/about-us\/#breadcrumb"},"inLanguage":"sv-SE","potentialAction":[{"@type":"ReadAction","target":["https:\/\/mossala-island-resort.com\/sv\/about-us\/"]}]},{"@type":"ImageObject","inLanguage":"sv-SE","@id":"https:\/\/mossala-island-resort.com\/sv\/about-us\/#primaryimage","url":"http:\/\/www.nationalparks.fi\/documents\/10550\/367017\/SMKP_LOGO_UNESCO_MAB_En_color.jpg\/e246db88-227e-4e23-a91e-243160f98031?t=1436511475950","contentUrl":"http:\/\/www.nationalparks.fi\/documents\/10550\/367017\/SMKP_LOGO_UNESCO_MAB_En_color.jpg\/e246db88-227e-4e23-a91e-243160f98031?t=1436511475950"},{"@type":"BreadcrumbList","@id":"https:\/\/mossala-island-resort.com\/sv\/about-us\/#breadcrumb","itemListElement":[{"@type":"ListItem","position":1,"name":"Home","item":"https:\/\/mossala-island-resort.com\/sv\/"},{"@type":"ListItem","position":2,"name":"OM MOSSALA"}]},{"@type":"WebSite","@id":"https:\/\/mossala-island-resort.com\/#website","url":"https:\/\/mossala-island-resort.com\/","name":"Mossala Island Resort","description":"Relaxation and adventure in the heart of the archipelago","potentialAction":[{"@type":"SearchAction","target":{"@type":"EntryPoint","urlTemplate":"https:\/\/mossala-island-resort.com\/?s={search_term_string}"},"query-input":{"@type":"PropertyValueSpecification","valueRequired":true,"valueName":"search_term_string"}}],"inLanguage":"sv-SE"}]}},"_links":{"self":[{"href":"https:\/\/mossala-island-resort.com\/sv\/wp-json\/wp\/v2\/pages\/4669","targetHints":{"allow":["GET"]}}],"collection":[{"href":"https:\/\/mossala-island-resort.com\/sv\/wp-json\/wp\/v2\/pages"}],"about":[{"href":"https:\/\/mossala-island-resort.com\/sv\/wp-json\/wp\/v2\/types\/page"}],"author":[{"embeddable":true,"href":"https:\/\/mossala-island-resort.com\/sv\/wp-json\/wp\/v2\/users\/3"}],"replies":[{"embeddable":true,"href":"https:\/\/mossala-island-resort.com\/sv\/wp-json\/wp\/v2\/comments?post=4669"}],"version-history":[{"count":2,"href":"https:\/\/mossala-island-resort.com\/sv\/wp-json\/wp\/v2\/pages\/4669\/revisions"}],"predecessor-version":[{"id":4687,"href":"https:\/\/mossala-island-resort.com\/sv\/wp-json\/wp\/v2\/pages\/4669\/revisions\/4687"}],"wp:attachment":[{"href":"https:\/\/mossala-island-resort.com\/sv\/wp-json\/wp\/v2\/media?parent=4669"}],"wp:term":[{"taxonomy":"category","embeddable":true,"href":"https:\/\/mossala-island-resort.com\/sv\/wp-json\/wp\/v2\/categories?post=4669"},{"taxonomy":"post_tag","embeddable":true,"href":"https:\/\/mossala-island-resort.com\/sv\/wp-json\/wp\/v2\/tags?post=4669"}],"curies":[{"name":"wp","href":"https:\/\/api.w.org\/{rel}","templated":true}]}}