{"id":2695,"date":"2016-01-27T16:55:28","date_gmt":"2016-01-27T15:55:28","guid":{"rendered":"http:\/\/mossala-island-resort.com\/?page_id=2695&#038;lang=sv"},"modified":"2018-06-05T09:50:10","modified_gmt":"2018-06-05T08:50:10","slug":"watersports","status":"publish","type":"page","link":"https:\/\/mossala-island-resort.com\/sv\/watersports\/","title":{"rendered":"WATERSPORTS"},"content":{"rendered":"<div class=\"wpb-content-wrapper\"><p>[vc_row][vc_column][vc_column_text]<\/p>\n<h2><strong><em>Vattensport p\u00e5 Mossala Island Resort<\/em><\/strong><\/h2>\n<p>[\/vc_column_text][vc_separator][vc_column_text]Vi erbjuder m\u00e5nga olika aktiviteter p\u00e5 Mossala. Vi kan erbjuda dig mycket mera \u00e4n avkoppling stranden, i hamnen, p\u00e5 restaurangterrassen eller i h\u00e4ngmattan bland tr\u00e4den.\u00a0 Hos oss kan du pr\u00f6va p\u00e5 olika sporter som t.ex. vindsurfing, SUP-paddling och draksurfing samt kajakpaddling. Best\u00e4m sj\u00e4lv vad du vill g\u00f6ra. Vi erbjuder dig en lekplats, SUP-br\u00e4den och kajaker s\u00e5 att kan du njuta av \u00e4ventyr p\u00e5 vatten!<\/p>\n<h4 style=\"text-align: center;\"><strong><em>&#8221;L\u00e5t ditt sinne och din sj\u00e4l f\u00e5 ladda batterierna f\u00f6r det kommande \u00e5ret&#8221;<\/em><\/strong><\/h4>\n<p>[\/vc_column_text][\/vc_column][\/vc_row][vc_row][vc_column][vc_separator][\/vc_column][\/vc_row][vc_row][vc_column width=&#8221;1\/2&#8243;]<\/p>\n<p><strong>SEGLING RUNT MOSSALA<\/strong><\/p>\n<p>[vc_single_image image=&#8221;1561&#8243; img_size=&#8221;400&#215;200&#8243; alignment=&#8221;left&#8221; onclick=&#8221;custom_link&#8221; link=&#8221;http:\/\/mossala-island-resort.com\/sv\/sailing\/&#8221;][\/vc_column][vc_column width=&#8221;1\/2&#8243;][vc_column_text]<\/p>\n<p>&nbsp;<\/p>\n<p>Segling mellan \u00f6arna runt Mossala Island Resort \u00e4r unik. Det finns s\u00e5 m\u00e5nga olika \u00f6ar att uppt\u00e4cka. De sm\u00e5 husen p\u00e5 \u00f6arna. \u00d6rnarna p\u00e5 himlen. Segling i Finland \u00e4r n\u00e5got som du aldrig kommer att gl\u00f6mma.<\/p>\n<p><a href=\"http:\/\/mossala-island-resort.com\/sv\/sailing\/\">L\u00e4s mera&#8230;<\/a><\/p>\n<p>[\/vc_column_text][\/vc_column][\/vc_row][vc_row][vc_column][vc_separator][\/vc_column][\/vc_row][vc_row][vc_column width=&#8221;1\/2&#8243;]<\/p>\n<p><strong>KAJAKPADDLING P\u00c5 MOSSALA<\/strong><\/p>\n<p>[vc_single_image image=&#8221;2066&#8243; img_size=&#8221;400&#215;200&#8243; onclick=&#8221;custom_link&#8221; link=&#8221;http:\/\/mossala-island-resort.com\/sv\/kayaking\/&#8221;][\/vc_column][vc_column width=&#8221;1\/2&#8243;][vc_column_text]<\/p>\n<p>&nbsp;<\/p>\n<p>Kajakpaddling \u00e4r popul\u00e4rt i hela v\u00e4rlden. Du f\u00e5r nya och fascinerande perspektiv n\u00e4r du uppt\u00e4cker vattnet som ligger omkring v\u00e5r vackra \u00f6. Du kommer att f\u00e5 en fantastisk erfarenhet p\u00e5 vattnet\u00a0 &#8211; i harmoni med naturen.<\/p>\n<p><a href=\"http:\/\/mossala-island-resort.com\/sv\/kayaking\/\">L\u00e4s mera&#8230;<\/a><\/p>\n<p>[\/vc_column_text][\/vc_column][\/vc_row][vc_row][vc_column][vc_separator][\/vc_column][\/vc_row][vc_row][vc_column width=&#8221;1\/2&#8243;]<\/p>\n<p><strong>VINDSURFING P\u00c5 MOSSALA<\/strong><\/p>\n<p>[vc_single_image image=&#8221;975&#8243; img_size=&#8221;400&#215;200&#8243; alignment=&#8221;left&#8221; onclick=&#8221;custom_link&#8221; link=&#8221;http:\/\/mossala-island-resort.com\/sv\/watersports\/windsurfing\/&#8221;][\/vc_column][vc_column width=&#8221;1\/2&#8243;][vc_column_text]<\/p>\n<p>&nbsp;<\/p>\n<p>Det \u00e4r en otrolig upplevelse att vindsurfa mellan de \u00f6ar och holmar som ligger intill Mossala Island Resort. Kolla upp v\u00e5ra fantastiska spots och njut av vindsurfing i \u00d6stersj\u00f6n!<\/p>\n<p><a href=\"http:\/\/mossala-island-resort.com\/sv\/watersports\/windsurfing\/\">L\u00e4s mera&#8230;<\/a><\/p>\n<p>[\/vc_column_text][\/vc_column][\/vc_row][vc_row][vc_column][vc_separator][\/vc_column][\/vc_row][vc_row][vc_column width=&#8221;1\/2&#8243;]<\/p>\n<p><strong>DRAKSURFING<\/strong><\/p>\n<p>[vc_single_image image=&#8221;996&#8243; img_size=&#8221;400&#215;200&#8243; onclick=&#8221;custom_link&#8221; link=&#8221;http:\/\/mossala-island-resort.com\/sv\/kitsurfing\/&#8221;][\/vc_column][vc_column width=&#8221;1\/2&#8243;][vc_column_text]<\/p>\n<p>&nbsp;<\/p>\n<p>Draksurfing p\u00e5 Mossala Island Resort \u00e4r en av mest hisnande upplevelser du kan erfara. Du kan hitta din egen hemliga spot bland de drygt 20 000 \u00f6ar och holmar som finns i omr\u00e5det. Det plattvatten som finns bakom holmarna ger dig en of\u00f6rgl\u00f6mlig draksurfing. Brasilien, Filippinerna eller Egypten? Nej, Finland \u00e4r det r\u00e4tta st\u00e4llet f\u00f6r draksurfing!<\/p>\n<p><a href=\"http:\/\/mossala-island-resort.com\/sv\/kitsurfing\/\">L\u00e4s mera&#8230;<\/a><\/p>\n<p>[\/vc_column_text][\/vc_column][\/vc_row][vc_row][vc_column][vc_separator][\/vc_column][\/vc_row][vc_row][vc_column width=&#8221;1\/2&#8243;]<\/p>\n<p><strong>WAKEBOARDING RUNT MOSSALA<\/strong><\/p>\n<p>[vc_single_image image=&#8221;1192&#8243; img_size=&#8221;400&#215;200&#8243; alignment=&#8221;left&#8221; onclick=&#8221;custom_link&#8221; link=&#8221;http:\/\/mossala-island-resort.com\/wakeboarding\/&#8221;][\/vc_column][vc_column width=&#8221;1\/2&#8243;][vc_column_text]<\/p>\n<p>&nbsp;<\/p>\n<p>Wakeboarding p\u00e5 Mossala Island Resort \u00e4r en av de mest fantastiska upplevelser du n\u00e5gonsin haft. 20.000 \u00f6 runt d\u00e4r du f\u00e5r m\u00f6jlighet att hitta din egen hemliga plats. Super plattvatten v\u00e4lkomnar dig f\u00f6r en wakeboarding session som du aldrig kommer att gl\u00f6mma. Finland \u00e4r platsen att vara!<\/p>\n<p><a href=\"http:\/\/mossala-island-resort.com\/sv\/wakeboarding\/\">L\u00e4s mera&#8230;<\/a><\/p>\n<p>[\/vc_column_text][\/vc_column][\/vc_row][vc_row][vc_column][vc_separator][\/vc_column][\/vc_row][vc_row][vc_column width=&#8221;1\/2&#8243;]<\/p>\n<p><strong>PADDELSURFING MELLAN \u00d6AR OCH HOLMAR<\/strong><\/p>\n<p>[vc_single_image image=&#8221;2053&#8243; img_size=&#8221;400&#215;200&#8243; onclick=&#8221;custom_link&#8221; link=&#8221;http:\/\/mossala-island-resort.com\/sv\/sup\/&#8221;][\/vc_column][vc_column width=&#8221;1\/2&#8243;][vc_column_text]<\/p>\n<p>&nbsp;<\/p>\n<p>Paddelsurfing p\u00e5 en surfbr\u00e4da (SUP) \u00e4r en snabbt v\u00e4xande vattensport som \u00e4r popul\u00e4r i hela v\u00e4rlden. Vi har inte v\u00e5gor p\u00e5 Mossala men v\u00e5ra SUP-br\u00e4den ger dig en fantastisk m\u00f6jlighet att uppt\u00e4cka den grunda kustlinjen i Mossala. Oberoende om du ut\u00f6var joga p\u00e5 SUP-br\u00e4det eller paddlar med br\u00e4det f\u00e5r du en hisnande upplevelse p\u00e5 vatten i harmoni med den vackra naturen. Kom ensam eller tillsammans med familjen- du f\u00e5r en fantastisk upplevelse p\u00e5 Mossala Island Resort!<\/p>\n<p><a href=\"http:\/\/mossala-island-resort.com\/sv\/sup\/\">L\u00e4s mera&#8230;<\/a><\/p>\n<p>[\/vc_column_text][\/vc_column][\/vc_row]<\/p>\n<\/div>","protected":false},"excerpt":{"rendered":"<p>[vc_row][vc_column][vc_column_text] Vattensport p\u00e5 Mossala Island Resort [\/vc_column_text][vc_separator][vc_column_text]Vi erbjuder m\u00e5nga olika aktiviteter p\u00e5 Mossala. Vi kan erbjuda dig mycket mera \u00e4n avkoppling stranden, i hamnen, p\u00e5 restaurangterrassen eller i h\u00e4ngmattan bland tr\u00e4den.\u00a0 Hos oss kan du pr\u00f6va p\u00e5 olika sporter som t.ex. vindsurfing, SUP-paddling och draksurfing samt kajakpaddling. Best\u00e4m sj\u00e4lv vad du vill g\u00f6ra. Vi erbjuder [&hellip;]<\/p>\n","protected":false},"author":3,"featured_media":0,"parent":0,"menu_order":0,"comment_status":"closed","ping_status":"closed","template":"page-home.php","meta":{"footnotes":""},"categories":[],"tags":[],"class_list":["post-2695","page","type-page","status-publish","hentry"],"yoast_head":"<!-- This site is optimized with the Yoast SEO plugin v25.2 - https:\/\/yoast.com\/wordpress\/plugins\/seo\/ -->\n<title>WATERSPORTS - Mossala Island Resort<\/title>\n<meta name=\"robots\" content=\"index, follow, max-snippet:-1, max-image-preview:large, max-video-preview:-1\" \/>\n<link rel=\"canonical\" href=\"https:\/\/mossala-island-resort.com\/sv\/watersports\/\" \/>\n<meta property=\"og:locale\" content=\"sv_SE\" \/>\n<meta property=\"og:type\" content=\"article\" \/>\n<meta property=\"og:title\" content=\"WATERSPORTS - Mossala Island Resort\" \/>\n<meta property=\"og:description\" content=\"[vc_row][vc_column][vc_column_text] Vattensport p\u00e5 Mossala Island Resort [\/vc_column_text][vc_separator][vc_column_text]Vi erbjuder m\u00e5nga olika aktiviteter p\u00e5 Mossala. Vi kan erbjuda dig mycket mera \u00e4n avkoppling stranden, i hamnen, p\u00e5 restaurangterrassen eller i h\u00e4ngmattan bland tr\u00e4den.\u00a0 Hos oss kan du pr\u00f6va p\u00e5 olika sporter som t.ex. vindsurfing, SUP-paddling och draksurfing samt kajakpaddling. Best\u00e4m sj\u00e4lv vad du vill g\u00f6ra. Vi erbjuder [&hellip;]\" \/>\n<meta property=\"og:url\" content=\"https:\/\/mossala-island-resort.com\/sv\/watersports\/\" \/>\n<meta property=\"og:site_name\" content=\"Mossala Island Resort\" \/>\n<meta property=\"article:publisher\" content=\"https:\/\/www.facebook.com\/MossalaIslandResort\/\" \/>\n<meta property=\"article:modified_time\" content=\"2018-06-05T08:50:10+00:00\" \/>\n<meta name=\"twitter:card\" content=\"summary_large_image\" \/>\n<meta name=\"twitter:label1\" content=\"Ber\u00e4knad l\u00e4stid\" \/>\n\t<meta name=\"twitter:data1\" content=\"4 minuter\" \/>\n<script type=\"application\/ld+json\" class=\"yoast-schema-graph\">{\"@context\":\"https:\/\/schema.org\",\"@graph\":[{\"@type\":\"WebPage\",\"@id\":\"https:\/\/mossala-island-resort.com\/sv\/watersports\/\",\"url\":\"https:\/\/mossala-island-resort.com\/sv\/watersports\/\",\"name\":\"WATERSPORTS - Mossala Island Resort\",\"isPartOf\":{\"@id\":\"https:\/\/mossala-island-resort.com\/#website\"},\"datePublished\":\"2016-01-27T15:55:28+00:00\",\"dateModified\":\"2018-06-05T08:50:10+00:00\",\"breadcrumb\":{\"@id\":\"https:\/\/mossala-island-resort.com\/sv\/watersports\/#breadcrumb\"},\"inLanguage\":\"sv-SE\",\"potentialAction\":[{\"@type\":\"ReadAction\",\"target\":[\"https:\/\/mossala-island-resort.com\/sv\/watersports\/\"]}]},{\"@type\":\"BreadcrumbList\",\"@id\":\"https:\/\/mossala-island-resort.com\/sv\/watersports\/#breadcrumb\",\"itemListElement\":[{\"@type\":\"ListItem\",\"position\":1,\"name\":\"Home\",\"item\":\"https:\/\/mossala-island-resort.com\/sv\/\"},{\"@type\":\"ListItem\",\"position\":2,\"name\":\"WATERSPORTS\"}]},{\"@type\":\"WebSite\",\"@id\":\"https:\/\/mossala-island-resort.com\/#website\",\"url\":\"https:\/\/mossala-island-resort.com\/\",\"name\":\"Mossala Island Resort\",\"description\":\"Relaxation and adventure in the heart of the archipelago\",\"potentialAction\":[{\"@type\":\"SearchAction\",\"target\":{\"@type\":\"EntryPoint\",\"urlTemplate\":\"https:\/\/mossala-island-resort.com\/?s={search_term_string}\"},\"query-input\":{\"@type\":\"PropertyValueSpecification\",\"valueRequired\":true,\"valueName\":\"search_term_string\"}}],\"inLanguage\":\"sv-SE\"}]}<\/script>\n<!-- \/ Yoast SEO plugin. -->","yoast_head_json":{"title":"WATERSPORTS - Mossala Island Resort","robots":{"index":"index","follow":"follow","max-snippet":"max-snippet:-1","max-image-preview":"max-image-preview:large","max-video-preview":"max-video-preview:-1"},"canonical":"https:\/\/mossala-island-resort.com\/sv\/watersports\/","og_locale":"sv_SE","og_type":"article","og_title":"WATERSPORTS - Mossala Island Resort","og_description":"[vc_row][vc_column][vc_column_text] Vattensport p\u00e5 Mossala Island Resort [\/vc_column_text][vc_separator][vc_column_text]Vi erbjuder m\u00e5nga olika aktiviteter p\u00e5 Mossala. Vi kan erbjuda dig mycket mera \u00e4n avkoppling stranden, i hamnen, p\u00e5 restaurangterrassen eller i h\u00e4ngmattan bland tr\u00e4den.\u00a0 Hos oss kan du pr\u00f6va p\u00e5 olika sporter som t.ex. vindsurfing, SUP-paddling och draksurfing samt kajakpaddling. Best\u00e4m sj\u00e4lv vad du vill g\u00f6ra. Vi erbjuder [&hellip;]","og_url":"https:\/\/mossala-island-resort.com\/sv\/watersports\/","og_site_name":"Mossala Island Resort","article_publisher":"https:\/\/www.facebook.com\/MossalaIslandResort\/","article_modified_time":"2018-06-05T08:50:10+00:00","twitter_card":"summary_large_image","twitter_misc":{"Ber\u00e4knad l\u00e4stid":"4 minuter"},"schema":{"@context":"https:\/\/schema.org","@graph":[{"@type":"WebPage","@id":"https:\/\/mossala-island-resort.com\/sv\/watersports\/","url":"https:\/\/mossala-island-resort.com\/sv\/watersports\/","name":"WATERSPORTS - Mossala Island Resort","isPartOf":{"@id":"https:\/\/mossala-island-resort.com\/#website"},"datePublished":"2016-01-27T15:55:28+00:00","dateModified":"2018-06-05T08:50:10+00:00","breadcrumb":{"@id":"https:\/\/mossala-island-resort.com\/sv\/watersports\/#breadcrumb"},"inLanguage":"sv-SE","potentialAction":[{"@type":"ReadAction","target":["https:\/\/mossala-island-resort.com\/sv\/watersports\/"]}]},{"@type":"BreadcrumbList","@id":"https:\/\/mossala-island-resort.com\/sv\/watersports\/#breadcrumb","itemListElement":[{"@type":"ListItem","position":1,"name":"Home","item":"https:\/\/mossala-island-resort.com\/sv\/"},{"@type":"ListItem","position":2,"name":"WATERSPORTS"}]},{"@type":"WebSite","@id":"https:\/\/mossala-island-resort.com\/#website","url":"https:\/\/mossala-island-resort.com\/","name":"Mossala Island Resort","description":"Relaxation and adventure in the heart of the archipelago","potentialAction":[{"@type":"SearchAction","target":{"@type":"EntryPoint","urlTemplate":"https:\/\/mossala-island-resort.com\/?s={search_term_string}"},"query-input":{"@type":"PropertyValueSpecification","valueRequired":true,"valueName":"search_term_string"}}],"inLanguage":"sv-SE"}]}},"_links":{"self":[{"href":"https:\/\/mossala-island-resort.com\/sv\/wp-json\/wp\/v2\/pages\/2695","targetHints":{"allow":["GET"]}}],"collection":[{"href":"https:\/\/mossala-island-resort.com\/sv\/wp-json\/wp\/v2\/pages"}],"about":[{"href":"https:\/\/mossala-island-resort.com\/sv\/wp-json\/wp\/v2\/types\/page"}],"author":[{"embeddable":true,"href":"https:\/\/mossala-island-resort.com\/sv\/wp-json\/wp\/v2\/users\/3"}],"replies":[{"embeddable":true,"href":"https:\/\/mossala-island-resort.com\/sv\/wp-json\/wp\/v2\/comments?post=2695"}],"version-history":[{"count":11,"href":"https:\/\/mossala-island-resort.com\/sv\/wp-json\/wp\/v2\/pages\/2695\/revisions"}],"predecessor-version":[{"id":3896,"href":"https:\/\/mossala-island-resort.com\/sv\/wp-json\/wp\/v2\/pages\/2695\/revisions\/3896"}],"wp:attachment":[{"href":"https:\/\/mossala-island-resort.com\/sv\/wp-json\/wp\/v2\/media?parent=2695"}],"wp:term":[{"taxonomy":"category","embeddable":true,"href":"https:\/\/mossala-island-resort.com\/sv\/wp-json\/wp\/v2\/categories?post=2695"},{"taxonomy":"post_tag","embeddable":true,"href":"https:\/\/mossala-island-resort.com\/sv\/wp-json\/wp\/v2\/tags?post=2695"}],"curies":[{"name":"wp","href":"https:\/\/api.w.org\/{rel}","templated":true}]}}