{"id":2434,"date":"2016-01-21T17:33:03","date_gmt":"2016-01-21T16:33:03","guid":{"rendered":"http:\/\/mossala-island-resort.com\/bike_rental\/?lang=sv"},"modified":"2019-04-25T16:14:35","modified_gmt":"2019-04-25T15:14:35","slug":"bike_rental","status":"publish","type":"page","link":"https:\/\/mossala-island-resort.com\/sv\/bike_rental\/","title":{"rendered":"HYR EN CYKEL"},"content":{"rendered":"<div class=\"wpb-content-wrapper\"><h2><em><strong>Hyr en Cykel p\u00e5 Mossala<\/strong><\/em><\/h2>\n<p>[vc_separator][vc_column_text]<\/p>\n<div class=\"vc_row wpb_row vc_row-fluid\">\n<div class=\"wpb_column vc_column_container vc_col-sm-12\">\n<div class=\"wpb_wrapper\">\n<div class=\"wpb_text_column wpb_content_element \">\n<div class=\"wpb_wrapper\">\n<p>Mossala kan mycket v\u00e4l utforskas med cykel. Det finns flera stigar som ni kan cykla p\u00e5. Vi erbjuder er n\u00e5gra cyklar som ni kan hyra fr\u00e5n v\u00e5r reception.<\/p>\n<p>&nbsp;<\/p>\n<h4 style=\"text-align: center;\"><em>\u201cNjut av en tur p\u00e5 \u00f6n\u201d<\/em><\/h4>\n<p><em><strong>Hyrespriser<br \/>\n<\/strong><\/em><\/p>\n<table class=\"tg\">\n<tbody>\n<tr>\n<td class=\"tg-v0h2\">4 timmar<\/td>\n<td class=\"tg-hj1s\" style=\"padding-left: 30px; text-align: center;\">10 \u20ac<\/td>\n<\/tr>\n<tr>\n<td class=\"tg-v0h2\">8 timmar<\/td>\n<td class=\"tg-hj1s\" style=\"padding-left: 30px; text-align: center;\">20 \u20ac<\/td>\n<\/tr>\n<\/tbody>\n<\/table>\n<p>&nbsp;<br \/>\n<a href=\"http:\/\/mossala-island-resort.com\/sv\/contact-us\/\">Fr\u00e5ga infodisken f\u00f6r mer information. Ta kontakt ifall du vill g\u00f6ra en bokning!<\/a><\/p>\n<\/div>\n<\/div>\n<\/div>\n<\/div>\n<\/div>\n<p>[\/vc_column_text][vc_row][vc_column][he_star_separator][\/vc_column][\/vc_row][vc_row][vc_column][vc_single_image image=&#8221;1242&#8243; img_size=&#8221;1600&#215;800&#8243; alignment=&#8221;center&#8221;][\/vc_column][\/vc_row]<\/p>\n<\/div>","protected":false},"excerpt":{"rendered":"<p>Hyr en Cykel p\u00e5 Mossala [vc_separator][vc_column_text] Mossala kan mycket v\u00e4l utforskas med cykel. Det finns flera stigar som ni kan cykla p\u00e5. Vi erbjuder er n\u00e5gra cyklar som ni kan hyra fr\u00e5n v\u00e5r reception. &nbsp; \u201cNjut av en tur p\u00e5 \u00f6n\u201d Hyrespriser 4 timmar 10 \u20ac 8 timmar 20 \u20ac &nbsp; Fr\u00e5ga infodisken f\u00f6r mer [&hellip;]<\/p>\n","protected":false},"author":1,"featured_media":0,"parent":0,"menu_order":0,"comment_status":"open","ping_status":"open","template":"page-home.php","meta":{"footnotes":""},"categories":[],"tags":[],"class_list":["post-2434","page","type-page","status-publish","hentry"],"yoast_head":"<!-- This site is optimized with the Yoast SEO plugin v25.2 - https:\/\/yoast.com\/wordpress\/plugins\/seo\/ -->\n<title>HYR EN CYKEL - Mossala Island Resort<\/title>\n<meta name=\"robots\" content=\"index, follow, max-snippet:-1, max-image-preview:large, max-video-preview:-1\" \/>\n<link rel=\"canonical\" href=\"https:\/\/mossala-island-resort.com\/sv\/bike_rental\/\" \/>\n<meta property=\"og:locale\" content=\"sv_SE\" \/>\n<meta property=\"og:type\" content=\"article\" \/>\n<meta property=\"og:title\" content=\"HYR EN CYKEL - Mossala Island Resort\" \/>\n<meta property=\"og:description\" content=\"Hyr en Cykel p\u00e5 Mossala [vc_separator][vc_column_text] Mossala kan mycket v\u00e4l utforskas med cykel. Det finns flera stigar som ni kan cykla p\u00e5. Vi erbjuder er n\u00e5gra cyklar som ni kan hyra fr\u00e5n v\u00e5r reception. &nbsp; \u201cNjut av en tur p\u00e5 \u00f6n\u201d Hyrespriser 4 timmar 10 \u20ac 8 timmar 20 \u20ac &nbsp; Fr\u00e5ga infodisken f\u00f6r mer [&hellip;]\" \/>\n<meta property=\"og:url\" content=\"https:\/\/mossala-island-resort.com\/sv\/bike_rental\/\" \/>\n<meta property=\"og:site_name\" content=\"Mossala Island Resort\" \/>\n<meta property=\"article:publisher\" content=\"https:\/\/www.facebook.com\/MossalaIslandResort\/\" \/>\n<meta property=\"article:modified_time\" content=\"2019-04-25T15:14:35+00:00\" \/>\n<meta name=\"twitter:card\" content=\"summary_large_image\" \/>\n<meta name=\"twitter:label1\" content=\"Ber\u00e4knad l\u00e4stid\" \/>\n\t<meta name=\"twitter:data1\" content=\"1 minut\" \/>\n<script type=\"application\/ld+json\" class=\"yoast-schema-graph\">{\"@context\":\"https:\/\/schema.org\",\"@graph\":[{\"@type\":\"WebPage\",\"@id\":\"https:\/\/mossala-island-resort.com\/sv\/bike_rental\/\",\"url\":\"https:\/\/mossala-island-resort.com\/sv\/bike_rental\/\",\"name\":\"HYR EN CYKEL - Mossala Island Resort\",\"isPartOf\":{\"@id\":\"https:\/\/mossala-island-resort.com\/#website\"},\"datePublished\":\"2016-01-21T16:33:03+00:00\",\"dateModified\":\"2019-04-25T15:14:35+00:00\",\"breadcrumb\":{\"@id\":\"https:\/\/mossala-island-resort.com\/sv\/bike_rental\/#breadcrumb\"},\"inLanguage\":\"sv-SE\",\"potentialAction\":[{\"@type\":\"ReadAction\",\"target\":[\"https:\/\/mossala-island-resort.com\/sv\/bike_rental\/\"]}]},{\"@type\":\"BreadcrumbList\",\"@id\":\"https:\/\/mossala-island-resort.com\/sv\/bike_rental\/#breadcrumb\",\"itemListElement\":[{\"@type\":\"ListItem\",\"position\":1,\"name\":\"Home\",\"item\":\"https:\/\/mossala-island-resort.com\/sv\/\"},{\"@type\":\"ListItem\",\"position\":2,\"name\":\"HYR EN CYKEL\"}]},{\"@type\":\"WebSite\",\"@id\":\"https:\/\/mossala-island-resort.com\/#website\",\"url\":\"https:\/\/mossala-island-resort.com\/\",\"name\":\"Mossala Island Resort\",\"description\":\"Relaxation and adventure in the heart of the archipelago\",\"potentialAction\":[{\"@type\":\"SearchAction\",\"target\":{\"@type\":\"EntryPoint\",\"urlTemplate\":\"https:\/\/mossala-island-resort.com\/?s={search_term_string}\"},\"query-input\":{\"@type\":\"PropertyValueSpecification\",\"valueRequired\":true,\"valueName\":\"search_term_string\"}}],\"inLanguage\":\"sv-SE\"}]}<\/script>\n<!-- \/ Yoast SEO plugin. -->","yoast_head_json":{"title":"HYR EN CYKEL - Mossala Island Resort","robots":{"index":"index","follow":"follow","max-snippet":"max-snippet:-1","max-image-preview":"max-image-preview:large","max-video-preview":"max-video-preview:-1"},"canonical":"https:\/\/mossala-island-resort.com\/sv\/bike_rental\/","og_locale":"sv_SE","og_type":"article","og_title":"HYR EN CYKEL - Mossala Island Resort","og_description":"Hyr en Cykel p\u00e5 Mossala [vc_separator][vc_column_text] Mossala kan mycket v\u00e4l utforskas med cykel. Det finns flera stigar som ni kan cykla p\u00e5. Vi erbjuder er n\u00e5gra cyklar som ni kan hyra fr\u00e5n v\u00e5r reception. &nbsp; \u201cNjut av en tur p\u00e5 \u00f6n\u201d Hyrespriser 4 timmar 10 \u20ac 8 timmar 20 \u20ac &nbsp; Fr\u00e5ga infodisken f\u00f6r mer [&hellip;]","og_url":"https:\/\/mossala-island-resort.com\/sv\/bike_rental\/","og_site_name":"Mossala Island Resort","article_publisher":"https:\/\/www.facebook.com\/MossalaIslandResort\/","article_modified_time":"2019-04-25T15:14:35+00:00","twitter_card":"summary_large_image","twitter_misc":{"Ber\u00e4knad l\u00e4stid":"1 minut"},"schema":{"@context":"https:\/\/schema.org","@graph":[{"@type":"WebPage","@id":"https:\/\/mossala-island-resort.com\/sv\/bike_rental\/","url":"https:\/\/mossala-island-resort.com\/sv\/bike_rental\/","name":"HYR EN CYKEL - Mossala Island Resort","isPartOf":{"@id":"https:\/\/mossala-island-resort.com\/#website"},"datePublished":"2016-01-21T16:33:03+00:00","dateModified":"2019-04-25T15:14:35+00:00","breadcrumb":{"@id":"https:\/\/mossala-island-resort.com\/sv\/bike_rental\/#breadcrumb"},"inLanguage":"sv-SE","potentialAction":[{"@type":"ReadAction","target":["https:\/\/mossala-island-resort.com\/sv\/bike_rental\/"]}]},{"@type":"BreadcrumbList","@id":"https:\/\/mossala-island-resort.com\/sv\/bike_rental\/#breadcrumb","itemListElement":[{"@type":"ListItem","position":1,"name":"Home","item":"https:\/\/mossala-island-resort.com\/sv\/"},{"@type":"ListItem","position":2,"name":"HYR EN CYKEL"}]},{"@type":"WebSite","@id":"https:\/\/mossala-island-resort.com\/#website","url":"https:\/\/mossala-island-resort.com\/","name":"Mossala Island Resort","description":"Relaxation and adventure in the heart of the archipelago","potentialAction":[{"@type":"SearchAction","target":{"@type":"EntryPoint","urlTemplate":"https:\/\/mossala-island-resort.com\/?s={search_term_string}"},"query-input":{"@type":"PropertyValueSpecification","valueRequired":true,"valueName":"search_term_string"}}],"inLanguage":"sv-SE"}]}},"_links":{"self":[{"href":"https:\/\/mossala-island-resort.com\/sv\/wp-json\/wp\/v2\/pages\/2434","targetHints":{"allow":["GET"]}}],"collection":[{"href":"https:\/\/mossala-island-resort.com\/sv\/wp-json\/wp\/v2\/pages"}],"about":[{"href":"https:\/\/mossala-island-resort.com\/sv\/wp-json\/wp\/v2\/types\/page"}],"author":[{"embeddable":true,"href":"https:\/\/mossala-island-resort.com\/sv\/wp-json\/wp\/v2\/users\/1"}],"replies":[{"embeddable":true,"href":"https:\/\/mossala-island-resort.com\/sv\/wp-json\/wp\/v2\/comments?post=2434"}],"version-history":[{"count":10,"href":"https:\/\/mossala-island-resort.com\/sv\/wp-json\/wp\/v2\/pages\/2434\/revisions"}],"predecessor-version":[{"id":4558,"href":"https:\/\/mossala-island-resort.com\/sv\/wp-json\/wp\/v2\/pages\/2434\/revisions\/4558"}],"wp:attachment":[{"href":"https:\/\/mossala-island-resort.com\/sv\/wp-json\/wp\/v2\/media?parent=2434"}],"wp:term":[{"taxonomy":"category","embeddable":true,"href":"https:\/\/mossala-island-resort.com\/sv\/wp-json\/wp\/v2\/categories?post=2434"},{"taxonomy":"post_tag","embeddable":true,"href":"https:\/\/mossala-island-resort.com\/sv\/wp-json\/wp\/v2\/tags?post=2434"}],"curies":[{"name":"wp","href":"https:\/\/api.w.org\/{rel}","templated":true}]}}