{"id":2308,"date":"2013-12-30T08:12:58","date_gmt":"2013-12-30T08:12:58","guid":{"rendered":"http:\/\/mossala-island-resort.com\/contact-us\/?lang=sv"},"modified":"2020-02-24T18:23:46","modified_gmt":"2020-02-24T16:23:46","slug":"contact-us","status":"publish","type":"page","link":"https:\/\/mossala-island-resort.com\/sv\/contact-us\/","title":{"rendered":"KONTAKTINFORMATION"},"content":{"rendered":"<div class=\"vce-row-container\"><div class=\"vce-row vce-row--col-gap-30 vce-row-columns--top vce-row-content--top\" id=\"el-14783483\" data-vce-do-apply=\"all el-14783483\"><div class=\"vce-row-content\" data-vce-element-content=\"true\"><div class=\"vce-col\" id=\"el-7211e187\"><div class=\"vce-col-inner\" data-vce-do-apply=\"border margin background  el-7211e187\"><div class=\"vce-col-content\" data-vce-element-content=\"true\" data-vce-do-apply=\"padding el-7211e187\"><div class=\"vce-text-block\"><div class=\"vce-text-block-wrapper vce\" id=\"el-565cecbd\" data-vce-do-apply=\"all el-565cecbd\">[vc_row][vc_column][vc_column_text]\n<h2><strong><em>Kontaktinformation<\/em><\/strong><\/h2>\n[\/vc_column_text][vc_separator][vc_column_text]Kan vi hj\u00e4lpa dig?\n\n&nbsp;\n\n<img loading=\"lazy\" decoding=\"async\" class=\"alignleft size-full wp-image-1590\" style=\"margin-top: 5px;\" src=\"https:\/\/mossala-island-resort.com\/wp-content\/uploads\/2013\/12\/phone.jpg\" alt=\"phone\" width=\"27\" height=\"23\" vspace=\"50\">+ 358 503 477 658\n\n&nbsp;\n\nSkicka ett epost till oss: \n<a href=\"mailto:info@mossala-island-resort.com\">info@mossala-island-resort.com<\/a>\n<a href=\"mailto:info@mossala.fi\">info@mossala.fi<\/a>\n\n\nAb Sk\u00e4rg\u00e5rdens Fritidscenter - Saariston Lomakeskus Oy\nHoutsk\u00e4r 21770 MOSSALA Finland\nN 60\u00b0 17\u2019 18\u201d; E 21\u00b0 26\u2019 23\u201d[\/vc_column_text][\/vc_column][\/vc_row]<\/div><\/div><\/div><\/div><\/div><\/div><\/div><\/div>\n","protected":false},"excerpt":{"rendered":"<p>[vc_row][vc_column][vc_column_text] Kontaktinformation [\/vc_column_text][vc_separator][vc_column_text]Kan vi hj\u00e4lpa dig? &nbsp; + 358 503 477 658 &nbsp; Skicka ett epost till oss: info@mossala-island-resort.com info@mossala.fi Ab Sk\u00e4rg\u00e5rdens Fritidscenter &#8211; Saariston Lomakeskus Oy Houtsk\u00e4r 21770 MOSSALA Finland N 60\u00b0 17\u2019 18\u201d; E 21\u00b0 26\u2019 23\u201d[\/vc_column_text][\/vc_column][\/vc_row]<\/p>\n","protected":false},"author":1,"featured_media":0,"parent":0,"menu_order":0,"comment_status":"open","ping_status":"open","template":"page-home.php","meta":{"footnotes":""},"categories":[],"tags":[],"class_list":["post-2308","page","type-page","status-publish","hentry"],"yoast_head":"<!-- This site is optimized with the Yoast SEO plugin v25.2 - https:\/\/yoast.com\/wordpress\/plugins\/seo\/ -->\n<title>KONTAKTINFORMATION - Mossala Island Resort<\/title>\n<meta name=\"robots\" content=\"index, follow, max-snippet:-1, max-image-preview:large, max-video-preview:-1\" \/>\n<link rel=\"canonical\" href=\"https:\/\/mossala-island-resort.com\/sv\/contact-us\/\" \/>\n<meta property=\"og:locale\" content=\"sv_SE\" \/>\n<meta property=\"og:type\" content=\"article\" \/>\n<meta property=\"og:title\" content=\"KONTAKTINFORMATION - Mossala Island Resort\" \/>\n<meta property=\"og:description\" content=\"[vc_row][vc_column][vc_column_text] Kontaktinformation [\/vc_column_text][vc_separator][vc_column_text]Kan vi hj\u00e4lpa dig? &nbsp; + 358 503 477 658 &nbsp; Skicka ett epost till oss: info@mossala-island-resort.com info@mossala.fi Ab Sk\u00e4rg\u00e5rdens Fritidscenter - Saariston Lomakeskus Oy Houtsk\u00e4r 21770 MOSSALA Finland N 60\u00b0 17\u2019 18\u201d; E 21\u00b0 26\u2019 23\u201d[\/vc_column_text][\/vc_column][\/vc_row]\" \/>\n<meta property=\"og:url\" content=\"https:\/\/mossala-island-resort.com\/sv\/contact-us\/\" \/>\n<meta property=\"og:site_name\" content=\"Mossala Island Resort\" \/>\n<meta property=\"article:publisher\" content=\"https:\/\/www.facebook.com\/MossalaIslandResort\/\" \/>\n<meta property=\"article:modified_time\" content=\"2020-02-24T16:23:46+00:00\" \/>\n<meta name=\"twitter:card\" content=\"summary_large_image\" \/>\n<script type=\"application\/ld+json\" class=\"yoast-schema-graph\">{\"@context\":\"https:\/\/schema.org\",\"@graph\":[{\"@type\":\"WebPage\",\"@id\":\"https:\/\/mossala-island-resort.com\/sv\/contact-us\/\",\"url\":\"https:\/\/mossala-island-resort.com\/sv\/contact-us\/\",\"name\":\"KONTAKTINFORMATION - Mossala Island Resort\",\"isPartOf\":{\"@id\":\"https:\/\/mossala-island-resort.com\/#website\"},\"datePublished\":\"2013-12-30T08:12:58+00:00\",\"dateModified\":\"2020-02-24T16:23:46+00:00\",\"breadcrumb\":{\"@id\":\"https:\/\/mossala-island-resort.com\/sv\/contact-us\/#breadcrumb\"},\"inLanguage\":\"sv-SE\",\"potentialAction\":[{\"@type\":\"ReadAction\",\"target\":[\"https:\/\/mossala-island-resort.com\/sv\/contact-us\/\"]}]},{\"@type\":\"BreadcrumbList\",\"@id\":\"https:\/\/mossala-island-resort.com\/sv\/contact-us\/#breadcrumb\",\"itemListElement\":[{\"@type\":\"ListItem\",\"position\":1,\"name\":\"Home\",\"item\":\"https:\/\/mossala-island-resort.com\/sv\/\"},{\"@type\":\"ListItem\",\"position\":2,\"name\":\"KONTAKTINFORMATION\"}]},{\"@type\":\"WebSite\",\"@id\":\"https:\/\/mossala-island-resort.com\/#website\",\"url\":\"https:\/\/mossala-island-resort.com\/\",\"name\":\"Mossala Island Resort\",\"description\":\"Relaxation and adventure in the heart of the archipelago\",\"potentialAction\":[{\"@type\":\"SearchAction\",\"target\":{\"@type\":\"EntryPoint\",\"urlTemplate\":\"https:\/\/mossala-island-resort.com\/?s={search_term_string}\"},\"query-input\":{\"@type\":\"PropertyValueSpecification\",\"valueRequired\":true,\"valueName\":\"search_term_string\"}}],\"inLanguage\":\"sv-SE\"}]}<\/script>\n<!-- \/ Yoast SEO plugin. -->","yoast_head_json":{"title":"KONTAKTINFORMATION - Mossala Island Resort","robots":{"index":"index","follow":"follow","max-snippet":"max-snippet:-1","max-image-preview":"max-image-preview:large","max-video-preview":"max-video-preview:-1"},"canonical":"https:\/\/mossala-island-resort.com\/sv\/contact-us\/","og_locale":"sv_SE","og_type":"article","og_title":"KONTAKTINFORMATION - Mossala Island Resort","og_description":"[vc_row][vc_column][vc_column_text] Kontaktinformation [\/vc_column_text][vc_separator][vc_column_text]Kan vi hj\u00e4lpa dig? &nbsp; + 358 503 477 658 &nbsp; Skicka ett epost till oss: info@mossala-island-resort.com info@mossala.fi Ab Sk\u00e4rg\u00e5rdens Fritidscenter - Saariston Lomakeskus Oy Houtsk\u00e4r 21770 MOSSALA Finland N 60\u00b0 17\u2019 18\u201d; E 21\u00b0 26\u2019 23\u201d[\/vc_column_text][\/vc_column][\/vc_row]","og_url":"https:\/\/mossala-island-resort.com\/sv\/contact-us\/","og_site_name":"Mossala Island Resort","article_publisher":"https:\/\/www.facebook.com\/MossalaIslandResort\/","article_modified_time":"2020-02-24T16:23:46+00:00","twitter_card":"summary_large_image","schema":{"@context":"https:\/\/schema.org","@graph":[{"@type":"WebPage","@id":"https:\/\/mossala-island-resort.com\/sv\/contact-us\/","url":"https:\/\/mossala-island-resort.com\/sv\/contact-us\/","name":"KONTAKTINFORMATION - Mossala Island Resort","isPartOf":{"@id":"https:\/\/mossala-island-resort.com\/#website"},"datePublished":"2013-12-30T08:12:58+00:00","dateModified":"2020-02-24T16:23:46+00:00","breadcrumb":{"@id":"https:\/\/mossala-island-resort.com\/sv\/contact-us\/#breadcrumb"},"inLanguage":"sv-SE","potentialAction":[{"@type":"ReadAction","target":["https:\/\/mossala-island-resort.com\/sv\/contact-us\/"]}]},{"@type":"BreadcrumbList","@id":"https:\/\/mossala-island-resort.com\/sv\/contact-us\/#breadcrumb","itemListElement":[{"@type":"ListItem","position":1,"name":"Home","item":"https:\/\/mossala-island-resort.com\/sv\/"},{"@type":"ListItem","position":2,"name":"KONTAKTINFORMATION"}]},{"@type":"WebSite","@id":"https:\/\/mossala-island-resort.com\/#website","url":"https:\/\/mossala-island-resort.com\/","name":"Mossala Island Resort","description":"Relaxation and adventure in the heart of the archipelago","potentialAction":[{"@type":"SearchAction","target":{"@type":"EntryPoint","urlTemplate":"https:\/\/mossala-island-resort.com\/?s={search_term_string}"},"query-input":{"@type":"PropertyValueSpecification","valueRequired":true,"valueName":"search_term_string"}}],"inLanguage":"sv-SE"}]}},"_links":{"self":[{"href":"https:\/\/mossala-island-resort.com\/sv\/wp-json\/wp\/v2\/pages\/2308","targetHints":{"allow":["GET"]}}],"collection":[{"href":"https:\/\/mossala-island-resort.com\/sv\/wp-json\/wp\/v2\/pages"}],"about":[{"href":"https:\/\/mossala-island-resort.com\/sv\/wp-json\/wp\/v2\/types\/page"}],"author":[{"embeddable":true,"href":"https:\/\/mossala-island-resort.com\/sv\/wp-json\/wp\/v2\/users\/1"}],"replies":[{"embeddable":true,"href":"https:\/\/mossala-island-resort.com\/sv\/wp-json\/wp\/v2\/comments?post=2308"}],"version-history":[{"count":8,"href":"https:\/\/mossala-island-resort.com\/sv\/wp-json\/wp\/v2\/pages\/2308\/revisions"}],"predecessor-version":[{"id":5031,"href":"https:\/\/mossala-island-resort.com\/sv\/wp-json\/wp\/v2\/pages\/2308\/revisions\/5031"}],"wp:attachment":[{"href":"https:\/\/mossala-island-resort.com\/sv\/wp-json\/wp\/v2\/media?parent=2308"}],"wp:term":[{"taxonomy":"category","embeddable":true,"href":"https:\/\/mossala-island-resort.com\/sv\/wp-json\/wp\/v2\/categories?post=2308"},{"taxonomy":"post_tag","embeddable":true,"href":"https:\/\/mossala-island-resort.com\/sv\/wp-json\/wp\/v2\/tags?post=2308"}],"curies":[{"name":"wp","href":"https:\/\/api.w.org\/{rel}","templated":true}]}}