{"id":2284,"date":"2013-12-30T08:14:55","date_gmt":"2013-12-30T08:14:55","guid":{"rendered":"http:\/\/mossala-island-resort.com\/services\/?lang=sv"},"modified":"2018-05-14T14:52:58","modified_gmt":"2018-05-14T13:52:58","slug":"services","status":"publish","type":"page","link":"https:\/\/mossala-island-resort.com\/sv\/services\/","title":{"rendered":"SERVICES"},"content":{"rendered":"<div class=\"wpb-content-wrapper\"><p>[vc_row][vc_column][vc_column_text]<\/p>\n<h2><em><strong>Service &amp; Betj\u00e5ning<\/strong><\/em><\/h2>\n<p>[\/vc_column_text][vc_separator][vc_column_text]H\u00e4r p\u00e5 Mossala erbjuder vi m\u00e5nga former av service. V\u00e5r restaurang \u00e4r bland de b\u00e4sta l\u00e4ngs Sk\u00e4rg\u00e5rdsv\u00e4gen. Njut av en uts\u00f6kt m\u00e5ltid med utsikt \u00f6ver solnedg\u00e5ngen.<\/p>\n<h4 style=\"text-align: center;\">&#8221;Vila ditt sinne och sj\u00e4l och ladda dina batterier f\u00f6r hela \u00e5ret&#8221;<\/h4>\n<p>[\/vc_column_text][\/vc_column][\/vc_row][vc_row][vc_column][vc_separator][\/vc_column][\/vc_row][vc_row][vc_column width=&#8221;1\/2&#8243;]<\/p>\n<p><strong>MIDDAG P\u00c5 MOSSALA ISLAND RESORT &#8211; RESTAURANG EIK<\/strong><\/p>\n<p>[vc_single_image image=&#8221;1105&#8243; img_size=&#8221;400&#215;200&#8243; onclick=&#8221;custom_link&#8221; link=&#8221;http:\/\/https:\/\/mossala-island-resort.com\/sv\/restaurant\/&#8221;][\/vc_column][vc_column width=&#8221;1\/2&#8243;][vc_column_text]<br \/>\n&nbsp;<br \/>\nMossala Island Resorts restaurang kommer att \u00f6verraska dig med flera delikata r\u00e4tter.<br \/>\n<a href=\"https:\/\/mossala-island-resort.com\/sv\/restaurant\/\">L\u00e4s mer&#8230;<\/a>[\/vc_column_text][\/vc_column][\/vc_row][vc_row][vc_column][vc_separator][\/vc_column][\/vc_row][vc_row][vc_column width=&#8221;1\/2&#8243;]<\/p>\n<p><strong>HAMNEN \u2013 V\u00c5R YACHTHAMN<\/strong><\/p>\n<p>[vc_single_image image=&#8221;1091&#8243; img_size=&#8221;400&#215;200&#8243; onclick=&#8221;custom_link&#8221; link=&#8221;https:\/\/mossala-island-resort.com\/sv\/marina-yacht-harbour\/&#8221;][\/vc_column][vc_column width=&#8221;1\/2&#8243;][vc_column_text]<br \/>\n&nbsp;<br \/>\nUnder h\u00f6sten 2013 blev v\u00e5r v\u00e4lskyddade yachthamn f\u00e4rdig. Hamnen ligger vid Mossalas nordv\u00e4stra h\u00f6rn. V\u00e5r restaurang, flera sommarstugor och en liten b\u00e5tuthyrningsservice \u00e4r bara n\u00e5gra av de tj\u00e4nster vi erbjuder.<br \/>\n<a href=\"https:\/\/mossala-island-resort.com\/sv\/marina-yacht-harbour\/\">L\u00e4s mer&#8230;<\/a>[\/vc_column_text][\/vc_column][\/vc_row][vc_row][vc_column][vc_separator][\/vc_column][\/vc_row][vc_row][vc_column width=&#8221;1\/2&#8243;]<\/p>\n<p><strong>FASTIGHETER \u2013 ATT LEVA P\u00c5 \u00d6N MOSSALA<\/strong><\/p>\n<p>[vc_single_image image=&#8221;1079&#8243; img_size=&#8221;400&#215;200&#8243; onclick=&#8221;custom_link&#8221; link=&#8221;https:\/\/mossala-island-resort.com\/sv\/real-estate\/&#8221;][\/vc_column][vc_column width=&#8221;1\/2&#8243;][vc_column_text]<br \/>\n&nbsp;<br \/>\nEtt helt annat s\u00e4tt att \u00f6vernatta p\u00e5 Mossala \u00e4r i v\u00e5r svenskdesignade lyxstuga. Dess exklusiva l\u00e4ge precis vid havskusten p\u00e5 en vacker kulle g\u00f6r den unik och s\u00e4krar en of\u00f6rgl\u00f6mlig upplevelse, avskild fr\u00e5n den huvudsakliga delen av fritidscentret men tillr\u00e4ckligt n\u00e4ra f\u00f6r en kort promenerad till restaurangen, utsiktstornet eller till er b\u00e5t som \u00e4r f\u00f6rt\u00f6jd i v\u00e5r privata hamn.<br \/>\nVilla \u00e4r ett specialerbjudande fr\u00e5n Mossala Island Resort. Vi vill v\u00e4lkomna er att koppla av med en egen bastu, stor terrass och allt ni beh\u00f6ver f\u00f6r att finna lugn och harmoni p\u00e5 v\u00e5r \u00f6.<\/p>\n<p>Det b\u00e4sta \u00e4r att\u2026 DEN KAN BLI DIN!<br \/>\n<a href=\"https:\/\/mossala-island-resort.com\/sv\/real-estate\/\">L\u00e4s mer&#8230;<\/a>[\/vc_column_text][\/vc_column][\/vc_row][vc_row][vc_column][vc_separator][\/vc_column][\/vc_row][vc_row][vc_column width=&#8221;1\/2&#8243;]<\/p>\n<p><strong>UTHYRNING AV B\u00c5TAR, SUP\u2019S OCH KAJAKER<\/strong><\/p>\n<p>[vc_single_image image=&#8221;2064&#8243; img_size=&#8221;400&#215;200&#8243; onclick=&#8221;custom_link&#8221; link=&#8221;https:\/\/mossala-island-resort.com\/sv\/boats\/&#8221;][\/vc_column][vc_column width=&#8221;1\/2&#8243;][vc_column_text]<br \/>\n&nbsp;<br \/>\nVi har ett brett urval b\u00e5tar som ni kan hyra f\u00f6r fiskeutf\u00e4rder och utflykter runt \u00f6n. Ut\u00f6ver b\u00e5tarna har vi ocks\u00e5 kajaker och SUP\u2019S f\u00f6r er dagliga gl\u00e4djedos.<\/p>\n<p><a href=\"https:\/\/mossala-island-resort.com\/sv\/boats\/\">L\u00e4s mer&#8230;<\/a>[\/vc_column_text][\/vc_column][\/vc_row]<\/p>\n<\/div>","protected":false},"excerpt":{"rendered":"<p>[vc_row][vc_column][vc_column_text] Service &amp; Betj\u00e5ning [\/vc_column_text][vc_separator][vc_column_text]H\u00e4r p\u00e5 Mossala erbjuder vi m\u00e5nga former av service. V\u00e5r restaurang \u00e4r bland de b\u00e4sta l\u00e4ngs Sk\u00e4rg\u00e5rdsv\u00e4gen. Njut av en uts\u00f6kt m\u00e5ltid med utsikt \u00f6ver solnedg\u00e5ngen. &#8221;Vila ditt sinne och sj\u00e4l och ladda dina batterier f\u00f6r hela \u00e5ret&#8221; [\/vc_column_text][\/vc_column][\/vc_row][vc_row][vc_column][vc_separator][\/vc_column][\/vc_row][vc_row][vc_column width=&#8221;1\/2&#8243;] MIDDAG P\u00c5 MOSSALA ISLAND RESORT &#8211; RESTAURANG EIK [vc_single_image image=&#8221;1105&#8243; img_size=&#8221;400&#215;200&#8243; [&hellip;]<\/p>\n","protected":false},"author":1,"featured_media":0,"parent":0,"menu_order":0,"comment_status":"open","ping_status":"closed","template":"page-home.php","meta":{"footnotes":""},"categories":[],"tags":[],"class_list":["post-2284","page","type-page","status-publish","hentry"],"yoast_head":"<!-- This site is optimized with the Yoast SEO plugin v25.2 - https:\/\/yoast.com\/wordpress\/plugins\/seo\/ -->\n<title>SERVICES - Mossala Island Resort<\/title>\n<meta name=\"robots\" content=\"index, follow, max-snippet:-1, max-image-preview:large, max-video-preview:-1\" \/>\n<link rel=\"canonical\" href=\"https:\/\/mossala-island-resort.com\/sv\/services\/\" \/>\n<meta property=\"og:locale\" content=\"sv_SE\" \/>\n<meta property=\"og:type\" content=\"article\" \/>\n<meta property=\"og:title\" content=\"SERVICES - Mossala Island Resort\" \/>\n<meta property=\"og:description\" content=\"[vc_row][vc_column][vc_column_text] Service &amp; Betj\u00e5ning [\/vc_column_text][vc_separator][vc_column_text]H\u00e4r p\u00e5 Mossala erbjuder vi m\u00e5nga former av service. V\u00e5r restaurang \u00e4r bland de b\u00e4sta l\u00e4ngs Sk\u00e4rg\u00e5rdsv\u00e4gen. Njut av en uts\u00f6kt m\u00e5ltid med utsikt \u00f6ver solnedg\u00e5ngen. &#8221;Vila ditt sinne och sj\u00e4l och ladda dina batterier f\u00f6r hela \u00e5ret&#8221; [\/vc_column_text][\/vc_column][\/vc_row][vc_row][vc_column][vc_separator][\/vc_column][\/vc_row][vc_row][vc_column width=&#8221;1\/2&#8243;] MIDDAG P\u00c5 MOSSALA ISLAND RESORT &#8211; RESTAURANG EIK [vc_single_image image=&#8221;1105&#8243; img_size=&#8221;400&#215;200&#8243; [&hellip;]\" \/>\n<meta property=\"og:url\" content=\"https:\/\/mossala-island-resort.com\/sv\/services\/\" \/>\n<meta property=\"og:site_name\" content=\"Mossala Island Resort\" \/>\n<meta property=\"article:publisher\" content=\"https:\/\/www.facebook.com\/MossalaIslandResort\/\" \/>\n<meta property=\"article:modified_time\" content=\"2018-05-14T13:52:58+00:00\" \/>\n<meta name=\"twitter:card\" content=\"summary_large_image\" \/>\n<meta name=\"twitter:label1\" content=\"Ber\u00e4knad l\u00e4stid\" \/>\n\t<meta name=\"twitter:data1\" content=\"3 minuter\" \/>\n<script type=\"application\/ld+json\" class=\"yoast-schema-graph\">{\"@context\":\"https:\/\/schema.org\",\"@graph\":[{\"@type\":\"WebPage\",\"@id\":\"https:\/\/mossala-island-resort.com\/sv\/services\/\",\"url\":\"https:\/\/mossala-island-resort.com\/sv\/services\/\",\"name\":\"SERVICES - Mossala Island Resort\",\"isPartOf\":{\"@id\":\"https:\/\/mossala-island-resort.com\/#website\"},\"datePublished\":\"2013-12-30T08:14:55+00:00\",\"dateModified\":\"2018-05-14T13:52:58+00:00\",\"breadcrumb\":{\"@id\":\"https:\/\/mossala-island-resort.com\/sv\/services\/#breadcrumb\"},\"inLanguage\":\"sv-SE\",\"potentialAction\":[{\"@type\":\"ReadAction\",\"target\":[\"https:\/\/mossala-island-resort.com\/sv\/services\/\"]}]},{\"@type\":\"BreadcrumbList\",\"@id\":\"https:\/\/mossala-island-resort.com\/sv\/services\/#breadcrumb\",\"itemListElement\":[{\"@type\":\"ListItem\",\"position\":1,\"name\":\"Home\",\"item\":\"https:\/\/mossala-island-resort.com\/sv\/\"},{\"@type\":\"ListItem\",\"position\":2,\"name\":\"SERVICES\"}]},{\"@type\":\"WebSite\",\"@id\":\"https:\/\/mossala-island-resort.com\/#website\",\"url\":\"https:\/\/mossala-island-resort.com\/\",\"name\":\"Mossala Island Resort\",\"description\":\"Relaxation and adventure in the heart of the archipelago\",\"potentialAction\":[{\"@type\":\"SearchAction\",\"target\":{\"@type\":\"EntryPoint\",\"urlTemplate\":\"https:\/\/mossala-island-resort.com\/?s={search_term_string}\"},\"query-input\":{\"@type\":\"PropertyValueSpecification\",\"valueRequired\":true,\"valueName\":\"search_term_string\"}}],\"inLanguage\":\"sv-SE\"}]}<\/script>\n<!-- \/ Yoast SEO plugin. -->","yoast_head_json":{"title":"SERVICES - Mossala Island Resort","robots":{"index":"index","follow":"follow","max-snippet":"max-snippet:-1","max-image-preview":"max-image-preview:large","max-video-preview":"max-video-preview:-1"},"canonical":"https:\/\/mossala-island-resort.com\/sv\/services\/","og_locale":"sv_SE","og_type":"article","og_title":"SERVICES - Mossala Island Resort","og_description":"[vc_row][vc_column][vc_column_text] Service &amp; Betj\u00e5ning [\/vc_column_text][vc_separator][vc_column_text]H\u00e4r p\u00e5 Mossala erbjuder vi m\u00e5nga former av service. V\u00e5r restaurang \u00e4r bland de b\u00e4sta l\u00e4ngs Sk\u00e4rg\u00e5rdsv\u00e4gen. Njut av en uts\u00f6kt m\u00e5ltid med utsikt \u00f6ver solnedg\u00e5ngen. &#8221;Vila ditt sinne och sj\u00e4l och ladda dina batterier f\u00f6r hela \u00e5ret&#8221; [\/vc_column_text][\/vc_column][\/vc_row][vc_row][vc_column][vc_separator][\/vc_column][\/vc_row][vc_row][vc_column width=&#8221;1\/2&#8243;] MIDDAG P\u00c5 MOSSALA ISLAND RESORT &#8211; RESTAURANG EIK [vc_single_image image=&#8221;1105&#8243; img_size=&#8221;400&#215;200&#8243; [&hellip;]","og_url":"https:\/\/mossala-island-resort.com\/sv\/services\/","og_site_name":"Mossala Island Resort","article_publisher":"https:\/\/www.facebook.com\/MossalaIslandResort\/","article_modified_time":"2018-05-14T13:52:58+00:00","twitter_card":"summary_large_image","twitter_misc":{"Ber\u00e4knad l\u00e4stid":"3 minuter"},"schema":{"@context":"https:\/\/schema.org","@graph":[{"@type":"WebPage","@id":"https:\/\/mossala-island-resort.com\/sv\/services\/","url":"https:\/\/mossala-island-resort.com\/sv\/services\/","name":"SERVICES - Mossala Island Resort","isPartOf":{"@id":"https:\/\/mossala-island-resort.com\/#website"},"datePublished":"2013-12-30T08:14:55+00:00","dateModified":"2018-05-14T13:52:58+00:00","breadcrumb":{"@id":"https:\/\/mossala-island-resort.com\/sv\/services\/#breadcrumb"},"inLanguage":"sv-SE","potentialAction":[{"@type":"ReadAction","target":["https:\/\/mossala-island-resort.com\/sv\/services\/"]}]},{"@type":"BreadcrumbList","@id":"https:\/\/mossala-island-resort.com\/sv\/services\/#breadcrumb","itemListElement":[{"@type":"ListItem","position":1,"name":"Home","item":"https:\/\/mossala-island-resort.com\/sv\/"},{"@type":"ListItem","position":2,"name":"SERVICES"}]},{"@type":"WebSite","@id":"https:\/\/mossala-island-resort.com\/#website","url":"https:\/\/mossala-island-resort.com\/","name":"Mossala Island Resort","description":"Relaxation and adventure in the heart of the archipelago","potentialAction":[{"@type":"SearchAction","target":{"@type":"EntryPoint","urlTemplate":"https:\/\/mossala-island-resort.com\/?s={search_term_string}"},"query-input":{"@type":"PropertyValueSpecification","valueRequired":true,"valueName":"search_term_string"}}],"inLanguage":"sv-SE"}]}},"_links":{"self":[{"href":"https:\/\/mossala-island-resort.com\/sv\/wp-json\/wp\/v2\/pages\/2284","targetHints":{"allow":["GET"]}}],"collection":[{"href":"https:\/\/mossala-island-resort.com\/sv\/wp-json\/wp\/v2\/pages"}],"about":[{"href":"https:\/\/mossala-island-resort.com\/sv\/wp-json\/wp\/v2\/types\/page"}],"author":[{"embeddable":true,"href":"https:\/\/mossala-island-resort.com\/sv\/wp-json\/wp\/v2\/users\/1"}],"replies":[{"embeddable":true,"href":"https:\/\/mossala-island-resort.com\/sv\/wp-json\/wp\/v2\/comments?post=2284"}],"version-history":[{"count":7,"href":"https:\/\/mossala-island-resort.com\/sv\/wp-json\/wp\/v2\/pages\/2284\/revisions"}],"predecessor-version":[{"id":3796,"href":"https:\/\/mossala-island-resort.com\/sv\/wp-json\/wp\/v2\/pages\/2284\/revisions\/3796"}],"wp:attachment":[{"href":"https:\/\/mossala-island-resort.com\/sv\/wp-json\/wp\/v2\/media?parent=2284"}],"wp:term":[{"taxonomy":"category","embeddable":true,"href":"https:\/\/mossala-island-resort.com\/sv\/wp-json\/wp\/v2\/categories?post=2284"},{"taxonomy":"post_tag","embeddable":true,"href":"https:\/\/mossala-island-resort.com\/sv\/wp-json\/wp\/v2\/tags?post=2284"}],"curies":[{"name":"wp","href":"https:\/\/api.w.org\/{rel}","templated":true}]}}