{"id":2226,"date":"2016-02-22T23:16:28","date_gmt":"2016-02-22T22:16:28","guid":{"rendered":"http:\/\/mossala-island-resort.com\/faq\/?lang=sv"},"modified":"2017-06-20T18:30:06","modified_gmt":"2017-06-20T17:30:06","slug":"faq","status":"publish","type":"page","link":"https:\/\/mossala-island-resort.com\/sv\/faq\/","title":{"rendered":"FAQ"},"content":{"rendered":"<div class=\"wpb-content-wrapper\"><p>[vc_row][vc_column][vc_column_text]<\/p>\n<h2><strong><em>Ofta st\u00e4llda fr\u00e5gor<\/em><\/strong><\/h2>\n<p>[\/vc_column_text][vc_separator][vc_column_text]<em><strong>\u00c4r husdjur v\u00e4lkomna p\u00e5 Mossala Island Resort?<\/strong><\/em><br \/>\nHusdjur \u00e4r v\u00e4lkomna till stugorna. \u00c4garen ser sj\u00e4lv till att husdjuren sk\u00f6ter sig och stannar p\u00e5 golvet. Att st\u00e4da djurh\u00e5r fr\u00e5n lakan och\/eller soffor debiteras med 50-150\u20ac.[\/vc_column_text][vc_column_text]<em><strong>Info<\/strong><\/em><br \/>\nVi bibeh\u00e5ller r\u00e4ttigheterna att \u00e4ndra priserna p\u00e5 plats.[\/vc_column_text][vc_column_text]<strong><em>Bokningsanvisningar<\/em><\/strong><\/p>\n<p>V\u00e4nligen anv\u00e4nd bokningsformul\u00e4ret eller skicka ett mail. Bokning\/avbokning kan inte g\u00f6ras per SMS.[\/vc_column_text][vc_column_text]<strong><em>WIFI<br \/>\n<\/em><\/strong><\/p>\n<p>Vi f\u00f6rs\u00f6ker erbjuda b\u00e4sta m\u00f6jliga Wifi f\u00f6rbindelse. Wifi \u00e4r en till\u00e4ggsservice and kan anv\u00e4ndas avgiftsfritt, men vi kan inte garantera t\u00e4ckning.[\/vc_column_text][\/vc_column][\/vc_row]<\/p>\n<\/div>","protected":false},"excerpt":{"rendered":"<p>[vc_row][vc_column][vc_column_text] Ofta st\u00e4llda fr\u00e5gor [\/vc_column_text][vc_separator][vc_column_text]\u00c4r husdjur v\u00e4lkomna p\u00e5 Mossala Island Resort? Husdjur \u00e4r v\u00e4lkomna till stugorna. \u00c4garen ser sj\u00e4lv till att husdjuren sk\u00f6ter sig och stannar p\u00e5 golvet. Att st\u00e4da djurh\u00e5r fr\u00e5n lakan och\/eller soffor debiteras med 50-150\u20ac.[\/vc_column_text][vc_column_text]Info Vi bibeh\u00e5ller r\u00e4ttigheterna att \u00e4ndra priserna p\u00e5 plats.[\/vc_column_text][vc_column_text]Bokningsanvisningar V\u00e4nligen anv\u00e4nd bokningsformul\u00e4ret eller skicka ett mail. Bokning\/avbokning kan [&hellip;]<\/p>\n","protected":false},"author":1,"featured_media":0,"parent":0,"menu_order":0,"comment_status":"closed","ping_status":"closed","template":"page-home.php","meta":{"footnotes":""},"categories":[],"tags":[],"class_list":["post-2226","page","type-page","status-publish","hentry"],"yoast_head":"<!-- This site is optimized with the Yoast SEO plugin v25.2 - https:\/\/yoast.com\/wordpress\/plugins\/seo\/ -->\n<title>FAQ - Mossala Island Resort<\/title>\n<meta name=\"robots\" content=\"index, follow, max-snippet:-1, max-image-preview:large, max-video-preview:-1\" \/>\n<link rel=\"canonical\" href=\"https:\/\/mossala-island-resort.com\/sv\/faq\/\" \/>\n<meta property=\"og:locale\" content=\"sv_SE\" \/>\n<meta property=\"og:type\" content=\"article\" \/>\n<meta property=\"og:title\" content=\"FAQ - Mossala Island Resort\" \/>\n<meta property=\"og:description\" content=\"[vc_row][vc_column][vc_column_text] Ofta st\u00e4llda fr\u00e5gor [\/vc_column_text][vc_separator][vc_column_text]\u00c4r husdjur v\u00e4lkomna p\u00e5 Mossala Island Resort? Husdjur \u00e4r v\u00e4lkomna till stugorna. \u00c4garen ser sj\u00e4lv till att husdjuren sk\u00f6ter sig och stannar p\u00e5 golvet. Att st\u00e4da djurh\u00e5r fr\u00e5n lakan och\/eller soffor debiteras med 50-150\u20ac.[\/vc_column_text][vc_column_text]Info Vi bibeh\u00e5ller r\u00e4ttigheterna att \u00e4ndra priserna p\u00e5 plats.[\/vc_column_text][vc_column_text]Bokningsanvisningar V\u00e4nligen anv\u00e4nd bokningsformul\u00e4ret eller skicka ett mail. Bokning\/avbokning kan [&hellip;]\" \/>\n<meta property=\"og:url\" content=\"https:\/\/mossala-island-resort.com\/sv\/faq\/\" \/>\n<meta property=\"og:site_name\" content=\"Mossala Island Resort\" \/>\n<meta property=\"article:publisher\" content=\"https:\/\/www.facebook.com\/MossalaIslandResort\/\" \/>\n<meta property=\"article:modified_time\" content=\"2017-06-20T17:30:06+00:00\" \/>\n<meta name=\"twitter:card\" content=\"summary_large_image\" \/>\n<meta name=\"twitter:label1\" content=\"Ber\u00e4knad l\u00e4stid\" \/>\n\t<meta name=\"twitter:data1\" content=\"1 minut\" \/>\n<script type=\"application\/ld+json\" class=\"yoast-schema-graph\">{\"@context\":\"https:\/\/schema.org\",\"@graph\":[{\"@type\":\"WebPage\",\"@id\":\"https:\/\/mossala-island-resort.com\/sv\/faq\/\",\"url\":\"https:\/\/mossala-island-resort.com\/sv\/faq\/\",\"name\":\"FAQ - Mossala Island Resort\",\"isPartOf\":{\"@id\":\"https:\/\/mossala-island-resort.com\/#website\"},\"datePublished\":\"2016-02-22T22:16:28+00:00\",\"dateModified\":\"2017-06-20T17:30:06+00:00\",\"breadcrumb\":{\"@id\":\"https:\/\/mossala-island-resort.com\/sv\/faq\/#breadcrumb\"},\"inLanguage\":\"sv-SE\",\"potentialAction\":[{\"@type\":\"ReadAction\",\"target\":[\"https:\/\/mossala-island-resort.com\/sv\/faq\/\"]}]},{\"@type\":\"BreadcrumbList\",\"@id\":\"https:\/\/mossala-island-resort.com\/sv\/faq\/#breadcrumb\",\"itemListElement\":[{\"@type\":\"ListItem\",\"position\":1,\"name\":\"Home\",\"item\":\"https:\/\/mossala-island-resort.com\/sv\/\"},{\"@type\":\"ListItem\",\"position\":2,\"name\":\"FAQ\"}]},{\"@type\":\"WebSite\",\"@id\":\"https:\/\/mossala-island-resort.com\/#website\",\"url\":\"https:\/\/mossala-island-resort.com\/\",\"name\":\"Mossala Island Resort\",\"description\":\"Relaxation and adventure in the heart of the archipelago\",\"potentialAction\":[{\"@type\":\"SearchAction\",\"target\":{\"@type\":\"EntryPoint\",\"urlTemplate\":\"https:\/\/mossala-island-resort.com\/?s={search_term_string}\"},\"query-input\":{\"@type\":\"PropertyValueSpecification\",\"valueRequired\":true,\"valueName\":\"search_term_string\"}}],\"inLanguage\":\"sv-SE\"}]}<\/script>\n<!-- \/ Yoast SEO plugin. -->","yoast_head_json":{"title":"FAQ - Mossala Island Resort","robots":{"index":"index","follow":"follow","max-snippet":"max-snippet:-1","max-image-preview":"max-image-preview:large","max-video-preview":"max-video-preview:-1"},"canonical":"https:\/\/mossala-island-resort.com\/sv\/faq\/","og_locale":"sv_SE","og_type":"article","og_title":"FAQ - Mossala Island Resort","og_description":"[vc_row][vc_column][vc_column_text] Ofta st\u00e4llda fr\u00e5gor [\/vc_column_text][vc_separator][vc_column_text]\u00c4r husdjur v\u00e4lkomna p\u00e5 Mossala Island Resort? Husdjur \u00e4r v\u00e4lkomna till stugorna. \u00c4garen ser sj\u00e4lv till att husdjuren sk\u00f6ter sig och stannar p\u00e5 golvet. Att st\u00e4da djurh\u00e5r fr\u00e5n lakan och\/eller soffor debiteras med 50-150\u20ac.[\/vc_column_text][vc_column_text]Info Vi bibeh\u00e5ller r\u00e4ttigheterna att \u00e4ndra priserna p\u00e5 plats.[\/vc_column_text][vc_column_text]Bokningsanvisningar V\u00e4nligen anv\u00e4nd bokningsformul\u00e4ret eller skicka ett mail. Bokning\/avbokning kan [&hellip;]","og_url":"https:\/\/mossala-island-resort.com\/sv\/faq\/","og_site_name":"Mossala Island Resort","article_publisher":"https:\/\/www.facebook.com\/MossalaIslandResort\/","article_modified_time":"2017-06-20T17:30:06+00:00","twitter_card":"summary_large_image","twitter_misc":{"Ber\u00e4knad l\u00e4stid":"1 minut"},"schema":{"@context":"https:\/\/schema.org","@graph":[{"@type":"WebPage","@id":"https:\/\/mossala-island-resort.com\/sv\/faq\/","url":"https:\/\/mossala-island-resort.com\/sv\/faq\/","name":"FAQ - Mossala Island Resort","isPartOf":{"@id":"https:\/\/mossala-island-resort.com\/#website"},"datePublished":"2016-02-22T22:16:28+00:00","dateModified":"2017-06-20T17:30:06+00:00","breadcrumb":{"@id":"https:\/\/mossala-island-resort.com\/sv\/faq\/#breadcrumb"},"inLanguage":"sv-SE","potentialAction":[{"@type":"ReadAction","target":["https:\/\/mossala-island-resort.com\/sv\/faq\/"]}]},{"@type":"BreadcrumbList","@id":"https:\/\/mossala-island-resort.com\/sv\/faq\/#breadcrumb","itemListElement":[{"@type":"ListItem","position":1,"name":"Home","item":"https:\/\/mossala-island-resort.com\/sv\/"},{"@type":"ListItem","position":2,"name":"FAQ"}]},{"@type":"WebSite","@id":"https:\/\/mossala-island-resort.com\/#website","url":"https:\/\/mossala-island-resort.com\/","name":"Mossala Island Resort","description":"Relaxation and adventure in the heart of the archipelago","potentialAction":[{"@type":"SearchAction","target":{"@type":"EntryPoint","urlTemplate":"https:\/\/mossala-island-resort.com\/?s={search_term_string}"},"query-input":{"@type":"PropertyValueSpecification","valueRequired":true,"valueName":"search_term_string"}}],"inLanguage":"sv-SE"}]}},"_links":{"self":[{"href":"https:\/\/mossala-island-resort.com\/sv\/wp-json\/wp\/v2\/pages\/2226","targetHints":{"allow":["GET"]}}],"collection":[{"href":"https:\/\/mossala-island-resort.com\/sv\/wp-json\/wp\/v2\/pages"}],"about":[{"href":"https:\/\/mossala-island-resort.com\/sv\/wp-json\/wp\/v2\/types\/page"}],"author":[{"embeddable":true,"href":"https:\/\/mossala-island-resort.com\/sv\/wp-json\/wp\/v2\/users\/1"}],"replies":[{"embeddable":true,"href":"https:\/\/mossala-island-resort.com\/sv\/wp-json\/wp\/v2\/comments?post=2226"}],"version-history":[{"count":3,"href":"https:\/\/mossala-island-resort.com\/sv\/wp-json\/wp\/v2\/pages\/2226\/revisions"}],"predecessor-version":[{"id":3096,"href":"https:\/\/mossala-island-resort.com\/sv\/wp-json\/wp\/v2\/pages\/2226\/revisions\/3096"}],"wp:attachment":[{"href":"https:\/\/mossala-island-resort.com\/sv\/wp-json\/wp\/v2\/media?parent=2226"}],"wp:term":[{"taxonomy":"category","embeddable":true,"href":"https:\/\/mossala-island-resort.com\/sv\/wp-json\/wp\/v2\/categories?post=2226"},{"taxonomy":"post_tag","embeddable":true,"href":"https:\/\/mossala-island-resort.com\/sv\/wp-json\/wp\/v2\/tags?post=2226"}],"curies":[{"name":"wp","href":"https:\/\/api.w.org\/{rel}","templated":true}]}}