{"id":2224,"date":"2016-01-21T16:58:38","date_gmt":"2016-01-21T15:58:38","guid":{"rendered":"http:\/\/mossala-island-resort.com\/history\/?lang=sv"},"modified":"2016-06-07T06:55:49","modified_gmt":"2016-06-07T05:55:49","slug":"history","status":"publish","type":"page","link":"https:\/\/mossala-island-resort.com\/sv\/history\/","title":{"rendered":"\u00d6NS HISTORIA"},"content":{"rendered":"<div class=\"wpb-content-wrapper\"><p>[vc_row][vc_column][vc_column_text]Det finns inte mycket dokumenterad historia \u00f6ver \u00f6n Mossala, men vi \u00e4r alltid p\u00e5 jakt efter mer. Vad vi vet \u00e4r att det \u00e4r en av de mest vackra platser p\u00e5 jorden.<br \/>\nOmgiven av tusentals \u00f6ar hittade vi denna fantastiska plats och f\u00f6ll genast f\u00f6r den. Sammanlagt utg\u00f6r sk\u00e4rg\u00e5rden \u00f6ver 20,000 \u00f6ar som bildar en kedja som str\u00e4cker ut sig i havet i 100km sydv\u00e4st om \u00c5bo. Det \u00e4r den st\u00f6rsta sk\u00e4rg\u00e5rden i \u00d6stersj\u00f6n.<\/p>\n<p><strong>Och vad \u00e4r s\u00e5 speciellt med Mossala?<\/strong><br \/>\nI v\u00e5ra \u00f6gon \u00e4r Mossala hj\u00e4rtat av Sk\u00e4rg\u00e5rdsv\u00e4gen. Du hittar oss i mitten av cirkeln. Vi anser att det \u00e4r n\u00e5got speciellt. I v\u00e5rt ekov\u00e4nliga fritidscenter fokuserar vi p\u00e5 ren avkoppling. Passa p\u00e5 att ladda dina batterier och sl\u00e4pp ditt sinne och sj\u00e4l fri.<\/p>\n<p><strong>Vad vi har bevarat fr\u00e5n det f\u00f6rflutna?<\/strong><br \/>\nH\u00e4r \u00e4r n\u00e5gra vackra bilder som l\u00e5ter dig dr\u00f6mma dig tillbaka till de gamla goda tiderna n\u00e4r Mossala blev befolkat. Njut av detta och hitta din egen v\u00e4g f\u00f6r maximalt n\u00f6je p\u00e5 Mossala Island Resort.<\/p>\n<p>&nbsp;<\/p>\n<h4 style=\"text-align: center;\">Ta en till p\u00e5 hur det s\u00e5g ut f\u00f6rr i tiden!<\/h4>\n<p>[\/vc_column_text][\/vc_column][\/vc_row][vc_row][vc_column][he_star_separator][\/vc_column][\/vc_row][vc_row][vc_column][vc_column_text]\n<div id=\"rev_slider_15_1_wrapper\" class=\"rev_slider_wrapper fullwidthbanner-container\" style=\"margin:0px auto;background-color:transparent;padding:0px;margin-top:0px;margin-bottom:0px;\">\n<!-- START REVOLUTION SLIDER 5.0.8.5 auto mode -->\n\t<div id=\"rev_slider_15_1\" class=\"rev_slider fullwidthabanner\" style=\"display:none;\" data-version=\"5.0.8.5\">\n<ul>\t<!-- SLIDE  -->\n\t<li data-index=\"rs-98\" data-transition=\"fade\" data-slotamount=\"default\"  data-easein=\"default\" data-easeout=\"default\" data-masterspeed=\"default\"  data-thumb=\"https:\/\/mossala-island-resort.com\/wp-content\/uploads\/2016\/01\/history_01_1600px-100x50.jpg\"  data-rotate=\"0\"  data-fstransition=\"fade\" data-fsmasterspeed=\"1500\" data-fsslotamount=\"7\" data-saveperformance=\"off\"  data-title=\"Slide\" data-description=\"\">\n\t\t<!-- MAIN IMAGE -->\n\t\t<img loading=\"lazy\" decoding=\"async\" src=\"https:\/\/mossala-island-resort.com\/wp-content\/plugins\/revslider\/admin\/assets\/images\/dummy.png\"  alt=\"\"  width=\"1600\" height=\"800\" data-lazyload=\"https:\/\/mossala-island-resort.com\/wp-content\/uploads\/2016\/01\/history_01_1600px.jpg\" data-bgposition=\"center center\" data-bgfit=\"cover\" data-bgrepeat=\"no-repeat\" data-bgparallax=\"off\" class=\"rev-slidebg\" data-no-retina>\n\t\t<!-- LAYERS -->\n\t<\/li>\n\t<!-- SLIDE  -->\n\t<li data-index=\"rs-99\" data-transition=\"fade\" data-slotamount=\"default\"  data-easein=\"default\" data-easeout=\"default\" data-masterspeed=\"default\"  data-thumb=\"https:\/\/mossala-island-resort.com\/wp-content\/uploads\/2016\/01\/history_02_1600px-100x50.jpg\"  data-rotate=\"0\"  data-saveperformance=\"off\"  data-title=\"Slide\" data-description=\"\">\n\t\t<!-- MAIN IMAGE -->\n\t\t<img loading=\"lazy\" decoding=\"async\" src=\"https:\/\/mossala-island-resort.com\/wp-content\/plugins\/revslider\/admin\/assets\/images\/dummy.png\"  alt=\"\"  width=\"1600\" height=\"800\" data-lazyload=\"https:\/\/mossala-island-resort.com\/wp-content\/uploads\/2016\/01\/history_02_1600px.jpg\" data-bgposition=\"center top\" data-bgfit=\"cover\" data-bgrepeat=\"no-repeat\" data-bgparallax=\"off\" class=\"rev-slidebg\" data-no-retina>\n\t\t<!-- LAYERS -->\n\t<\/li>\n\t<!-- SLIDE  -->\n\t<li data-index=\"rs-100\" data-transition=\"fade\" data-slotamount=\"default\"  data-easein=\"default\" data-easeout=\"default\" data-masterspeed=\"default\"  data-thumb=\"https:\/\/mossala-island-resort.com\/wp-content\/uploads\/2016\/01\/history_08_1600px-100x50.jpg\"  data-rotate=\"0\"  data-saveperformance=\"off\"  data-title=\"Slide\" data-description=\"\">\n\t\t<!-- MAIN IMAGE -->\n\t\t<img loading=\"lazy\" decoding=\"async\" src=\"https:\/\/mossala-island-resort.com\/wp-content\/plugins\/revslider\/admin\/assets\/images\/dummy.png\"  alt=\"\"  width=\"1600\" height=\"800\" data-lazyload=\"https:\/\/mossala-island-resort.com\/wp-content\/uploads\/2016\/01\/history_08_1600px.jpg\" data-bgposition=\"center top\" data-bgfit=\"cover\" data-bgrepeat=\"no-repeat\" data-bgparallax=\"off\" class=\"rev-slidebg\" data-no-retina>\n\t\t<!-- LAYERS -->\n\t<\/li>\n\t<!-- SLIDE  -->\n\t<li data-index=\"rs-101\" data-transition=\"fade\" data-slotamount=\"default\"  data-easein=\"default\" data-easeout=\"default\" data-masterspeed=\"default\"  data-thumb=\"https:\/\/mossala-island-resort.com\/wp-content\/uploads\/2016\/01\/history_07_1600px-100x50.jpg\"  data-rotate=\"0\"  data-saveperformance=\"off\"  data-title=\"Slide\" data-description=\"\">\n\t\t<!-- MAIN IMAGE -->\n\t\t<img loading=\"lazy\" decoding=\"async\" src=\"https:\/\/mossala-island-resort.com\/wp-content\/plugins\/revslider\/admin\/assets\/images\/dummy.png\"  alt=\"\"  width=\"1600\" height=\"800\" data-lazyload=\"https:\/\/mossala-island-resort.com\/wp-content\/uploads\/2016\/01\/history_07_1600px.jpg\" data-bgposition=\"center center\" data-bgfit=\"cover\" data-bgrepeat=\"no-repeat\" data-bgparallax=\"off\" class=\"rev-slidebg\" data-no-retina>\n\t\t<!-- LAYERS -->\n\t<\/li>\n\t<!-- SLIDE  -->\n\t<li data-index=\"rs-102\" data-transition=\"fade\" data-slotamount=\"default\"  data-easein=\"default\" data-easeout=\"default\" data-masterspeed=\"default\"  data-thumb=\"https:\/\/mossala-island-resort.com\/wp-content\/uploads\/2016\/01\/history_05_1600px-100x50.jpg\"  data-rotate=\"0\"  data-saveperformance=\"off\"  data-title=\"Slide\" data-description=\"\">\n\t\t<!-- MAIN IMAGE -->\n\t\t<img loading=\"lazy\" decoding=\"async\" src=\"https:\/\/mossala-island-resort.com\/wp-content\/plugins\/revslider\/admin\/assets\/images\/dummy.png\"  alt=\"\"  width=\"1600\" height=\"800\" data-lazyload=\"https:\/\/mossala-island-resort.com\/wp-content\/uploads\/2016\/01\/history_05_1600px.jpg\" data-bgposition=\"center center\" data-bgfit=\"cover\" data-bgrepeat=\"no-repeat\" data-bgparallax=\"off\" class=\"rev-slidebg\" data-no-retina>\n\t\t<!-- LAYERS -->\n\t<\/li>\n\t<!-- SLIDE  -->\n\t<li data-index=\"rs-103\" data-transition=\"fade\" data-slotamount=\"default\"  data-easein=\"default\" data-easeout=\"default\" data-masterspeed=\"default\"  data-thumb=\"https:\/\/mossala-island-resort.com\/wp-content\/uploads\/2016\/01\/history_03_1600px-100x50.jpg\"  data-rotate=\"0\"  data-saveperformance=\"off\"  data-title=\"Slide\" data-description=\"\">\n\t\t<!-- MAIN IMAGE -->\n\t\t<img loading=\"lazy\" decoding=\"async\" src=\"https:\/\/mossala-island-resort.com\/wp-content\/plugins\/revslider\/admin\/assets\/images\/dummy.png\"  alt=\"\"  width=\"1600\" height=\"800\" data-lazyload=\"https:\/\/mossala-island-resort.com\/wp-content\/uploads\/2016\/01\/history_03_1600px.jpg\" data-bgposition=\"center top\" data-bgfit=\"cover\" data-bgrepeat=\"no-repeat\" data-bgparallax=\"off\" class=\"rev-slidebg\" data-no-retina>\n\t\t<!-- LAYERS -->\n\t<\/li>\n\t<!-- SLIDE  -->\n\t<li data-index=\"rs-104\" data-transition=\"fade\" data-slotamount=\"default\"  data-easein=\"default\" data-easeout=\"default\" data-masterspeed=\"default\"  data-thumb=\"https:\/\/mossala-island-resort.com\/wp-content\/uploads\/2016\/01\/history_04_1600px-100x50.jpg\"  data-rotate=\"0\"  data-saveperformance=\"off\"  data-title=\"Slide\" data-description=\"\">\n\t\t<!-- MAIN IMAGE -->\n\t\t<img loading=\"lazy\" decoding=\"async\" src=\"https:\/\/mossala-island-resort.com\/wp-content\/plugins\/revslider\/admin\/assets\/images\/dummy.png\"  alt=\"\"  width=\"1600\" height=\"800\" data-lazyload=\"https:\/\/mossala-island-resort.com\/wp-content\/uploads\/2016\/01\/history_04_1600px.jpg\" data-bgposition=\"center center\" data-bgfit=\"cover\" data-bgrepeat=\"no-repeat\" data-bgparallax=\"off\" class=\"rev-slidebg\" data-no-retina>\n\t\t<!-- LAYERS -->\n\t<\/li>\n\t<!-- SLIDE  -->\n\t<li data-index=\"rs-105\" data-transition=\"fade\" data-slotamount=\"default\"  data-easein=\"default\" data-easeout=\"default\" data-masterspeed=\"default\"  data-thumb=\"https:\/\/mossala-island-resort.com\/wp-content\/uploads\/2016\/01\/history_06_1600px-100x50.jpg\"  data-rotate=\"0\"  data-saveperformance=\"off\"  data-title=\"Slide\" data-description=\"\">\n\t\t<!-- MAIN IMAGE -->\n\t\t<img loading=\"lazy\" decoding=\"async\" src=\"https:\/\/mossala-island-resort.com\/wp-content\/plugins\/revslider\/admin\/assets\/images\/dummy.png\"  alt=\"\"  width=\"1600\" height=\"800\" data-lazyload=\"https:\/\/mossala-island-resort.com\/wp-content\/uploads\/2016\/01\/history_06_1600px.jpg\" data-bgposition=\"0% 80%\" data-bgfit=\"cover\" data-bgrepeat=\"no-repeat\" data-bgparallax=\"off\" class=\"rev-slidebg\" data-no-retina>\n\t\t<!-- LAYERS -->\n\t<\/li>\n<\/ul>\n<div class=\"tp-bannertimer\" style=\"height: 5px; background-color: rgba(0, 0, 0, 0.15);\"><\/div>\t<\/div>\n<script>var htmlDiv = document.getElementById(\"rs-plugin-settings-inline-css\"); var htmlDivCss=\"\";\r\n\t\t\t\tif(htmlDiv) {\r\n\t\t\t\t\thtmlDiv.innerHTML = htmlDiv.innerHTML + htmlDivCss;\r\n\t\t\t\t}\r\n\t\t\t\telse{\r\n\t\t\t\t\tvar htmlDiv = document.createElement(\"div\");\r\n\t\t\t\t\thtmlDiv.innerHTML = \"<style>\" + htmlDivCss + \"<\/style>\";\r\n\t\t\t\t\tdocument.getElementsByTagName(\"head\")[0].appendChild(htmlDiv.childNodes[0]);\r\n\t\t\t\t}\r\n\t\t\t<\/script>\n\t\t<script type=\"text\/javascript\">\r\n\t\t\t\t\t\t\/******************************************\r\n\t\t\t\t-\tPREPARE PLACEHOLDER FOR SLIDER\t-\r\n\t\t\t******************************************\/\r\n\r\n\t\t\tvar setREVStartSize=function(){\r\n\t\t\t\ttry{var e=new Object,i=jQuery(window).width(),t=9999,r=0,n=0,l=0,f=0,s=0,h=0;\r\n\t\t\t\t\te.c = jQuery('#rev_slider_15_1');\r\n\t\t\t\t\te.responsiveLevels = [1240,1024,778,480];\r\n\t\t\t\t\te.gridwidth = [1240,1024,778,480];\r\n\t\t\t\t\te.gridheight = [600,600,500,400];\r\n\t\t\t\t\t\t\t\r\n\t\t\t\t\te.sliderLayout = \"auto\";\r\n\t\t\t\t\tif(e.responsiveLevels&&(jQuery.each(e.responsiveLevels,function(e,f){f>i&&(t=r=f,l=e),i>f&&f>r&&(r=f,n=e)}),t>r&&(l=n)),f=e.gridheight[l]||e.gridheight[0]||e.gridheight,s=e.gridwidth[l]||e.gridwidth[0]||e.gridwidth,h=i\/s,h=h>1?1:h,f=Math.round(h*f),\"fullscreen\"==e.sliderLayout){var u=(e.c.width(),jQuery(window).height());if(void 0!=e.fullScreenOffsetContainer){var c=e.fullScreenOffsetContainer.split(\",\");if (c) jQuery.each(c,function(e,i){u=jQuery(i).length>0?u-jQuery(i).outerHeight(!0):u}),e.fullScreenOffset.split(\"%\").length>1&&void 0!=e.fullScreenOffset&&e.fullScreenOffset.length>0?u-=jQuery(window).height()*parseInt(e.fullScreenOffset,0)\/100:void 0!=e.fullScreenOffset&&e.fullScreenOffset.length>0&&(u-=parseInt(e.fullScreenOffset,0))}f=u}else void 0!=e.minHeight&&f<e.minHeight&&(f=e.minHeight);e.c.closest(\".rev_slider_wrapper\").css({height:f})\r\n\t\t\t\t}catch(d){console.log(\"Failure at Presize of Slider:\"+d)}\r\n\t\t\t};\r\n\t\t\t\t\t\t\r\n\t\t\t\t\r\n\t\t\tsetREVStartSize();\r\n\t\t\tfunction revslider_showDoubleJqueryError(sliderID) {\r\n\t\t\t\t\tvar errorMessage = \"Revolution Slider Error: You have some jquery.js library include that comes after the revolution files js include.\";\r\n\t\t\t\t\terrorMessage += \"<br> This includes make eliminates the revolution slider libraries, and make it not work.\";\r\n\t\t\t\t\terrorMessage += \"<br><br> To fix it you can:<br>&nbsp;&nbsp;&nbsp; 1. In the Slider Settings -> Troubleshooting set option:  <strong><b>Put JS Includes To Body<\/b><\/strong> option to true.\";\r\n\t\t\t\t\terrorMessage += \"<br>&nbsp;&nbsp;&nbsp; 2. Find the double jquery.js include and remove it.\";\r\n\t\t\t\t\terrorMessage = \"<span style='font-size:16px;color:#BC0C06;'>\" + errorMessage + \"<\/span>\"\r\n\t\t\t\t\t\tjQuery(sliderID).show().html(errorMessage);\r\n\t\t\t\t}\r\n\t\t\t\t\t\tvar tpj=jQuery;\r\n\t\t\t\r\n\t\t\tvar revapi15;\r\n\t\t\ttpj(document).ready(function() {\n\t\t\t\tif(tpj(\"#rev_slider_15_1\").revolution == undefined){\n\t\t\t\t\trevslider_showDoubleJqueryError(\"#rev_slider_15_1\");\n\t\t\t\t}else{\n\t\t\t\t\trevapi15 = tpj(\"#rev_slider_15_1\").show().revolution({\n\t\t\t\t\t\tsliderType:\"standard\",\n\t\t\t\t\t\tjsFileLocation:\"https:\/\/mossala-island-resort.com\/wp-content\/plugins\/revslider\/public\/assets\/js\/\",\n\t\t\t\t\t\tsliderLayout:\"auto\",\n\t\t\t\t\t\tdottedOverlay:\"none\",\n\t\t\t\t\t\tdelay:6000,\n\t\t\t\t\t\tnavigation: {\n\t\t\t\t\t\t\tkeyboardNavigation:\"off\",\n\t\t\t\t\t\t\tkeyboard_direction: \"horizontal\",\n\t\t\t\t\t\t\tmouseScrollNavigation:\"off\",\n\t\t\t\t\t\t\tonHoverStop:\"on\",\n\t\t\t\t\t\t\ttouch:{\n\t\t\t\t\t\t\t\ttouchenabled:\"on\",\n\t\t\t\t\t\t\t\tswipe_threshold: 5,\n\t\t\t\t\t\t\t\tswipe_min_touches: 5,\n\t\t\t\t\t\t\t\tswipe_direction: \"horizontal\",\n\t\t\t\t\t\t\t\tdrag_block_vertical: false\n\t\t\t\t\t\t\t}\n\t\t\t\t\t\t\t,\n\t\t\t\t\t\t\tarrows: {\n\t\t\t\t\t\t\t\tstyle:\"uranus\",\n\t\t\t\t\t\t\t\tenable:true,\n\t\t\t\t\t\t\t\thide_onmobile:true,\n\t\t\t\t\t\t\t\thide_under:600,\n\t\t\t\t\t\t\t\thide_onleave:true,\n\t\t\t\t\t\t\t\thide_delay:200,\n\t\t\t\t\t\t\t\thide_delay_mobile:1200,\n\t\t\t\t\t\t\t\ttmp:'',\n\t\t\t\t\t\t\t\tleft: {\n\t\t\t\t\t\t\t\t\th_align:\"left\",\n\t\t\t\t\t\t\t\t\tv_align:\"center\",\n\t\t\t\t\t\t\t\t\th_offset:30,\n\t\t\t\t\t\t\t\t\tv_offset:0\n\t\t\t\t\t\t\t\t},\n\t\t\t\t\t\t\t\tright: {\n\t\t\t\t\t\t\t\t\th_align:\"right\",\n\t\t\t\t\t\t\t\t\tv_align:\"center\",\n\t\t\t\t\t\t\t\t\th_offset:30,\n\t\t\t\t\t\t\t\t\tv_offset:0\n\t\t\t\t\t\t\t\t}\n\t\t\t\t\t\t\t}\n\t\t\t\t\t\t\t,\n\t\t\t\t\t\t\tbullets: {\n\t\t\t\t\t\t\t\tenable:true,\n\t\t\t\t\t\t\t\thide_onmobile:true,\n\t\t\t\t\t\t\t\thide_under:600,\n\t\t\t\t\t\t\t\tstyle:\"hermes\",\n\t\t\t\t\t\t\t\thide_onleave:true,\n\t\t\t\t\t\t\t\thide_delay:200,\n\t\t\t\t\t\t\t\thide_delay_mobile:1200,\n\t\t\t\t\t\t\t\tdirection:\"horizontal\",\n\t\t\t\t\t\t\t\th_align:\"center\",\n\t\t\t\t\t\t\t\tv_align:\"bottom\",\n\t\t\t\t\t\t\t\th_offset:0,\n\t\t\t\t\t\t\t\tv_offset:30,\n\t\t\t\t\t\t\t\tspace:5,\n\t\t\t\t\t\t\t\ttmp:''\n\t\t\t\t\t\t\t}\n\t\t\t\t\t\t},\n\t\t\t\t\t\tresponsiveLevels:[1240,1024,778,480],\n\t\t\t\t\t\tgridwidth:[1240,1024,778,480],\n\t\t\t\t\t\tgridheight:[600,600,500,400],\n\t\t\t\t\t\tlazyType:\"smart\",\n\t\t\t\t\t\tparallax: {\n\t\t\t\t\t\t\ttype:\"mouse\",\n\t\t\t\t\t\t\torigo:\"slidercenter\",\n\t\t\t\t\t\t\tspeed:2000,\n\t\t\t\t\t\t\tlevels:[2,3,4,5,6,7,12,16,10,50],\n\t\t\t\t\t\t},\n\t\t\t\t\t\tshadow:0,\n\t\t\t\t\t\tspinner:\"off\",\n\t\t\t\t\t\tstopLoop:\"on\",\n\t\t\t\t\t\tstopAfterLoops:1,\n\t\t\t\t\t\tstopAtSlide:1,\n\t\t\t\t\t\tshuffle:\"off\",\n\t\t\t\t\t\tautoHeight:\"off\",\n\t\t\t\t\t\thideThumbsOnMobile:\"off\",\n\t\t\t\t\t\thideSliderAtLimit:0,\n\t\t\t\t\t\thideCaptionAtLimit:0,\n\t\t\t\t\t\thideAllCaptionAtLilmit:0,\n\t\t\t\t\t\tdebugMode:false,\n\t\t\t\t\t\tfallbacks: {\n\t\t\t\t\t\t\tsimplifyAll:\"off\",\n\t\t\t\t\t\t\tnextSlideOnWindowFocus:\"off\",\n\t\t\t\t\t\t\tdisableFocusListener:false,\n\t\t\t\t\t\t}\n\t\t\t\t\t});\n\t\t\t\t}\n\t\t\t});\t\/*ready*\/\n\t\t<\/script>\r\n\t\t<script>\r\n\t\t\t\t\tvar htmlDivCss = unescape(\".uranus.tparrows%20%7B%0A%20%20width%3A50px%3B%0A%20%20height%3A50px%3B%0A%20%20background%3Atransparent%3B%0A%20%7D%0A%20.uranus.tparrows%3Abefore%20%7B%0A%20width%3A50px%3B%0A%20height%3A50px%3B%0A%20line-height%3A50px%3B%0A%20font-size%3A40px%3B%0A%20transition%3Aall%200.3s%3B%0A-webkit-transition%3Aall%200.3s%3B%0A%20%7D%0A%20%0A%20%20.uranus.tparrows%3Ahover%3Abefore%20%7B%0A%20%20%20%20opacity%3A0.75%3B%0A%20%20%7D%0A.hermes.tp-bullets%20%7B%0A%7D%0A%0A.hermes%20.tp-bullet%20%7B%0A%20%20%20%20overflow%3Ahidden%3B%0A%20%20%20%20border-radius%3A50%25%3B%0A%20%20%20%20width%3A16px%3B%0A%20%20%20%20height%3A16px%3B%0A%20%20%20%20background-color%3A%20rgba%280%2C%200%2C%200%2C%200%29%3B%0A%20%20%20%20box-shadow%3A%20inset%200%200%200%202px%20%23FFF%3B%0A%20%20%20%20-webkit-transition%3A%20background%200.3s%20ease%3B%0A%20%20%20%20transition%3A%20background%200.3s%20ease%3B%0A%20%20%20%20position%3Aabsolute%3B%0A%7D%0A%0A.hermes%20.tp-bullet%3Ahover%20%7B%0A%09%20%20background-color%3A%20rgba%280%2C%200%2C%200%2C%200.2%29%3B%0A%7D%0A.hermes%20.tp-bullet%3Aafter%20%7B%0A%20%20content%3A%20%27%20%27%3B%0A%20%20position%3A%20absolute%3B%0A%20%20bottom%3A%200%3B%0A%20%20height%3A%200%3B%0A%20%20left%3A%200%3B%0A%20%20width%3A%20100%25%3B%0A%20%20background-color%3A%20%23FFF%3B%0A%20%20box-shadow%3A%200%200%201px%20%23FFF%3B%0A%20%20-webkit-transition%3A%20height%200.3s%20ease%3B%0A%20%20transition%3A%20height%200.3s%20ease%3B%0A%7D%0A.hermes%20.tp-bullet.selected%3Aafter%20%7B%0A%20%20height%3A100%25%3B%0A%7D%0A%0A\");\r\n\t\t\t\t\tvar htmlDiv = document.getElementById('rs-plugin-settings-inline-css');\r\n\t\t\t\t\tif(htmlDiv) {\r\n\t\t\t\t\t\thtmlDiv.innerHTML = htmlDiv.innerHTML + htmlDivCss;\r\n\t\t\t\t\t}\r\n\t\t\t\t\telse{\r\n\t\t\t\t\t\tvar htmlDiv = document.createElement('div');\r\n\t\t\t\t\t\thtmlDiv.innerHTML = '<style>' + htmlDivCss + '<\/style>';\r\n\t\t\t\t\t\tdocument.getElementsByTagName('head')[0].appendChild(htmlDiv.childNodes[0]);\r\n\t\t\t\t\t}\r\n\t\t\t\t  <\/script>\r\n\t\t\t\t<\/div><!-- END REVOLUTION SLIDER -->[\/vc_column_text][\/vc_column][\/vc_row]<\/p>\n<\/div>","protected":false},"excerpt":{"rendered":"<p>[vc_row][vc_column][vc_column_text]Det finns inte mycket dokumenterad historia \u00f6ver \u00f6n Mossala, men vi \u00e4r alltid p\u00e5 jakt efter mer. Vad vi vet \u00e4r att det \u00e4r en av de mest vackra platser p\u00e5 jorden. Omgiven av tusentals \u00f6ar hittade vi denna fantastiska plats och f\u00f6ll genast f\u00f6r den. Sammanlagt utg\u00f6r sk\u00e4rg\u00e5rden \u00f6ver 20,000 \u00f6ar som bildar en [&hellip;]<\/p>\n","protected":false},"author":1,"featured_media":0,"parent":0,"menu_order":0,"comment_status":"open","ping_status":"open","template":"page-home.php","meta":{"footnotes":""},"categories":[],"tags":[],"class_list":["post-2224","page","type-page","status-publish","hentry"],"yoast_head":"<!-- This site is optimized with the Yoast SEO plugin v25.2 - https:\/\/yoast.com\/wordpress\/plugins\/seo\/ -->\n<title>\u00d6NS HISTORIA - Mossala Island Resort<\/title>\n<meta name=\"robots\" content=\"index, follow, max-snippet:-1, max-image-preview:large, max-video-preview:-1\" \/>\n<link rel=\"canonical\" href=\"https:\/\/mossala-island-resort.com\/sv\/history\/\" \/>\n<meta property=\"og:locale\" content=\"sv_SE\" \/>\n<meta property=\"og:type\" content=\"article\" \/>\n<meta property=\"og:title\" content=\"\u00d6NS HISTORIA - Mossala Island Resort\" \/>\n<meta property=\"og:description\" content=\"[vc_row][vc_column][vc_column_text]Det finns inte mycket dokumenterad historia \u00f6ver \u00f6n Mossala, men vi \u00e4r alltid p\u00e5 jakt efter mer. Vad vi vet \u00e4r att det \u00e4r en av de mest vackra platser p\u00e5 jorden. Omgiven av tusentals \u00f6ar hittade vi denna fantastiska plats och f\u00f6ll genast f\u00f6r den. Sammanlagt utg\u00f6r sk\u00e4rg\u00e5rden \u00f6ver 20,000 \u00f6ar som bildar en [&hellip;]\" \/>\n<meta property=\"og:url\" content=\"https:\/\/mossala-island-resort.com\/sv\/history\/\" \/>\n<meta property=\"og:site_name\" content=\"Mossala Island Resort\" \/>\n<meta property=\"article:publisher\" content=\"https:\/\/www.facebook.com\/MossalaIslandResort\/\" \/>\n<meta property=\"article:modified_time\" content=\"2016-06-07T05:55:49+00:00\" \/>\n<meta name=\"twitter:card\" content=\"summary_large_image\" \/>\n<meta name=\"twitter:label1\" content=\"Ber\u00e4knad l\u00e4stid\" \/>\n\t<meta name=\"twitter:data1\" content=\"1 minut\" \/>\n<script type=\"application\/ld+json\" class=\"yoast-schema-graph\">{\"@context\":\"https:\/\/schema.org\",\"@graph\":[{\"@type\":\"WebPage\",\"@id\":\"https:\/\/mossala-island-resort.com\/sv\/history\/\",\"url\":\"https:\/\/mossala-island-resort.com\/sv\/history\/\",\"name\":\"\u00d6NS HISTORIA - Mossala Island Resort\",\"isPartOf\":{\"@id\":\"https:\/\/mossala-island-resort.com\/#website\"},\"datePublished\":\"2016-01-21T15:58:38+00:00\",\"dateModified\":\"2016-06-07T05:55:49+00:00\",\"breadcrumb\":{\"@id\":\"https:\/\/mossala-island-resort.com\/sv\/history\/#breadcrumb\"},\"inLanguage\":\"sv-SE\",\"potentialAction\":[{\"@type\":\"ReadAction\",\"target\":[\"https:\/\/mossala-island-resort.com\/sv\/history\/\"]}]},{\"@type\":\"BreadcrumbList\",\"@id\":\"https:\/\/mossala-island-resort.com\/sv\/history\/#breadcrumb\",\"itemListElement\":[{\"@type\":\"ListItem\",\"position\":1,\"name\":\"Home\",\"item\":\"https:\/\/mossala-island-resort.com\/sv\/\"},{\"@type\":\"ListItem\",\"position\":2,\"name\":\"\u00d6NS HISTORIA\"}]},{\"@type\":\"WebSite\",\"@id\":\"https:\/\/mossala-island-resort.com\/#website\",\"url\":\"https:\/\/mossala-island-resort.com\/\",\"name\":\"Mossala Island Resort\",\"description\":\"Relaxation and adventure in the heart of the archipelago\",\"potentialAction\":[{\"@type\":\"SearchAction\",\"target\":{\"@type\":\"EntryPoint\",\"urlTemplate\":\"https:\/\/mossala-island-resort.com\/?s={search_term_string}\"},\"query-input\":{\"@type\":\"PropertyValueSpecification\",\"valueRequired\":true,\"valueName\":\"search_term_string\"}}],\"inLanguage\":\"sv-SE\"}]}<\/script>\n<!-- \/ Yoast SEO plugin. -->","yoast_head_json":{"title":"\u00d6NS HISTORIA - Mossala Island Resort","robots":{"index":"index","follow":"follow","max-snippet":"max-snippet:-1","max-image-preview":"max-image-preview:large","max-video-preview":"max-video-preview:-1"},"canonical":"https:\/\/mossala-island-resort.com\/sv\/history\/","og_locale":"sv_SE","og_type":"article","og_title":"\u00d6NS HISTORIA - Mossala Island Resort","og_description":"[vc_row][vc_column][vc_column_text]Det finns inte mycket dokumenterad historia \u00f6ver \u00f6n Mossala, men vi \u00e4r alltid p\u00e5 jakt efter mer. Vad vi vet \u00e4r att det \u00e4r en av de mest vackra platser p\u00e5 jorden. Omgiven av tusentals \u00f6ar hittade vi denna fantastiska plats och f\u00f6ll genast f\u00f6r den. Sammanlagt utg\u00f6r sk\u00e4rg\u00e5rden \u00f6ver 20,000 \u00f6ar som bildar en [&hellip;]","og_url":"https:\/\/mossala-island-resort.com\/sv\/history\/","og_site_name":"Mossala Island Resort","article_publisher":"https:\/\/www.facebook.com\/MossalaIslandResort\/","article_modified_time":"2016-06-07T05:55:49+00:00","twitter_card":"summary_large_image","twitter_misc":{"Ber\u00e4knad l\u00e4stid":"1 minut"},"schema":{"@context":"https:\/\/schema.org","@graph":[{"@type":"WebPage","@id":"https:\/\/mossala-island-resort.com\/sv\/history\/","url":"https:\/\/mossala-island-resort.com\/sv\/history\/","name":"\u00d6NS HISTORIA - Mossala Island Resort","isPartOf":{"@id":"https:\/\/mossala-island-resort.com\/#website"},"datePublished":"2016-01-21T15:58:38+00:00","dateModified":"2016-06-07T05:55:49+00:00","breadcrumb":{"@id":"https:\/\/mossala-island-resort.com\/sv\/history\/#breadcrumb"},"inLanguage":"sv-SE","potentialAction":[{"@type":"ReadAction","target":["https:\/\/mossala-island-resort.com\/sv\/history\/"]}]},{"@type":"BreadcrumbList","@id":"https:\/\/mossala-island-resort.com\/sv\/history\/#breadcrumb","itemListElement":[{"@type":"ListItem","position":1,"name":"Home","item":"https:\/\/mossala-island-resort.com\/sv\/"},{"@type":"ListItem","position":2,"name":"\u00d6NS HISTORIA"}]},{"@type":"WebSite","@id":"https:\/\/mossala-island-resort.com\/#website","url":"https:\/\/mossala-island-resort.com\/","name":"Mossala Island Resort","description":"Relaxation and adventure in the heart of the archipelago","potentialAction":[{"@type":"SearchAction","target":{"@type":"EntryPoint","urlTemplate":"https:\/\/mossala-island-resort.com\/?s={search_term_string}"},"query-input":{"@type":"PropertyValueSpecification","valueRequired":true,"valueName":"search_term_string"}}],"inLanguage":"sv-SE"}]}},"_links":{"self":[{"href":"https:\/\/mossala-island-resort.com\/sv\/wp-json\/wp\/v2\/pages\/2224","targetHints":{"allow":["GET"]}}],"collection":[{"href":"https:\/\/mossala-island-resort.com\/sv\/wp-json\/wp\/v2\/pages"}],"about":[{"href":"https:\/\/mossala-island-resort.com\/sv\/wp-json\/wp\/v2\/types\/page"}],"author":[{"embeddable":true,"href":"https:\/\/mossala-island-resort.com\/sv\/wp-json\/wp\/v2\/users\/1"}],"replies":[{"embeddable":true,"href":"https:\/\/mossala-island-resort.com\/sv\/wp-json\/wp\/v2\/comments?post=2224"}],"version-history":[{"count":1,"href":"https:\/\/mossala-island-resort.com\/sv\/wp-json\/wp\/v2\/pages\/2224\/revisions"}],"predecessor-version":[{"id":2225,"href":"https:\/\/mossala-island-resort.com\/sv\/wp-json\/wp\/v2\/pages\/2224\/revisions\/2225"}],"wp:attachment":[{"href":"https:\/\/mossala-island-resort.com\/sv\/wp-json\/wp\/v2\/media?parent=2224"}],"wp:term":[{"taxonomy":"category","embeddable":true,"href":"https:\/\/mossala-island-resort.com\/sv\/wp-json\/wp\/v2\/categories?post=2224"},{"taxonomy":"post_tag","embeddable":true,"href":"https:\/\/mossala-island-resort.com\/sv\/wp-json\/wp\/v2\/tags?post=2224"}],"curies":[{"name":"wp","href":"https:\/\/api.w.org\/{rel}","templated":true}]}}