{"id":2153,"date":"2016-02-22T17:47:09","date_gmt":"2016-02-22T16:47:09","guid":{"rendered":"http:\/\/mossala-island-resort.com\/philosophy\/?lang=sv"},"modified":"2016-06-13T14:35:57","modified_gmt":"2016-06-13T13:35:57","slug":"philosophy","status":"publish","type":"page","link":"https:\/\/mossala-island-resort.com\/sv\/philosophy\/","title":{"rendered":"V\u00c5R FILOSOFI"},"content":{"rendered":"<div class=\"wpb-content-wrapper\"><p>[vc_row][vc_column][vc_column_text]<\/p>\n<h2 id=\"tw-target-text\" class=\"tw-data-text vk_txt tw-ta tw-text-medium\" dir=\"ltr\" data-placeholder=\"\u00dcbersetzung\"><em><strong><span lang=\"fi\">Filosofiamme on Mossala Island<\/span><\/strong><\/em><\/h2>\n<p>[\/vc_column_text][vc_separator css=&#8221;.vc_custom_1465824872992{padding-bottom: 15px !important;}&#8221;][\/vc_column][vc_column][vc_column_text]<strong><img loading=\"lazy\" decoding=\"async\" class=\"alignright wp-image-1647\" src=\"http:\/\/mossala-island-resort.com\/wp-content\/uploads\/2016\/02\/Buch_Familie_1000px.jpg\" alt=\"Buch_Familie_1000px\" width=\"400\" height=\"230\" srcset=\"https:\/\/mossala-island-resort.com\/wp-content\/uploads\/2016\/02\/Buch_Familie_1000px.jpg 800w, https:\/\/mossala-island-resort.com\/wp-content\/uploads\/2016\/02\/Buch_Familie_1000px-300x173.jpg 300w\" sizes=\"auto, (max-width: 400px) 100vw, 400px\" \/>Vi \u00e4lskar naturen.<\/strong><\/p>\n<p>Varf\u00f6r? F\u00f6rst och fr\u00e4mst \u00e4r det v\u00e5rt ursprung \u2013 naturen \u00e4r en v\u00e5rdande moder f\u00f6r oss alla. Vi \u00e4r medvetet tacksamma och uppskattar att naturen ger oss mat, l\u00e4kemedel, lugnar ner oss, lugnar v\u00e5ra sinnen och slappnar av v\u00e5r sj\u00e4l.<\/p>\n<p>Den delar gener\u00f6st med sig av frisk luft, harmoni och lugn. Dessutom \u00e4r det v\u00e5r st\u00f6rsta k\u00e4lla av r\u00e5material som anv\u00e4nds till att bygga eller framst\u00e4lla energi. Samtidigt till\u00e5ter den oss producera f\u00f6rnybar energi genom vind, sol eller geotermisk energi.<\/p>\n<p>Naturen utbildar oss, den \u00e4r en modell f\u00f6r modern m\u00e4nsklig innovation och forskning. Den f\u00f6rflyttar oss eftersom vi har m\u00f6jligheten att anv\u00e4nda sol, vind och vattendrag och v\u00e5gor som motorer. Ofattbart vackra och naturliga omgivningar \u00e4r v\u00e4rd f\u00f6r m\u00e5nga m\u00e4nskliga fritids- och sportaktiviteter. Naturen \u00e4r ocks\u00e5 en fantastisk underh\u00e5llare som g\u00e5ng p\u00e5 g\u00e5ng l\u00e4mnar oss ordl\u00f6sa, roade, fascinerade, ibland chockade \u2013 emotionellt.<\/p>\n<p>Naturen ber\u00f6r oss! Vi prisar dess sk\u00f6nhet; vi\u00a0 \u00e4r f\u00f6rbluffade hur sofistikerad den \u00e4r \u2013 n\u00e4rmast perfektion.[\/vc_column_text][\/vc_column][\/vc_row][vc_row][vc_column][vc_column_text]<\/p>\n<h4 style=\"text-align: center;\">\u201cI grunden drivs vi av naturen \u2013 gratis!\u201d<\/h4>\n<p>[\/vc_column_text][\/vc_column][\/vc_row][vc_row][vc_column][he_star_separator][vc_column_text]<\/p>\n<p style=\"text-align: justify;\"><img loading=\"lazy\" decoding=\"async\" class=\"alignright size-full wp-image-1729\" style=\"text-align: justify;\" src=\"http:\/\/mossala-island-resort.com\/wp-content\/uploads\/2016\/02\/nature_mini_01_400px.jpg\" alt=\"nature_mini_01_400px\" width=\"400\" height=\"219\" srcset=\"https:\/\/mossala-island-resort.com\/wp-content\/uploads\/2016\/02\/nature_mini_01_400px.jpg 400w, https:\/\/mossala-island-resort.com\/wp-content\/uploads\/2016\/02\/nature_mini_01_400px-300x164.jpg 300w\" sizes=\"auto, (max-width: 400px) 100vw, 400px\" \/>D\u00e5 man tar alla dessa naturliga tillg\u00e5ngar i ber\u00e4kning kan man konstatera att de \u00e4r livsviktiga f\u00f6r m\u00e4nskligheten och fungerar som en ryggrad f\u00f6r hela turismindustrin, ocks\u00e5 f\u00f6r v\u00e5rt fritidscenter.<\/p>\n<p style=\"text-align: justify;\">F\u00f6r oss \u00e4r h\u00e5llbart och ansvarsfullt beteende inte bara logiskt konstaterande; det \u00e4r en attityd till livet! Naturen \u00e4r v\u00e5r spelplan och vi \u00e4r medvetet en del av den. D\u00e4rf\u00f6r m\u00e5ste vi ta hand om den!<\/p>\n<p style=\"text-align: justify;\">Vi \u00e4r medvetna om att v\u00e5ra egna och andras levnadsvanor, aff\u00e4rsverksamhet, logistik och resande, diet, handel, osv. har en avg\u00f6rande inverkan p\u00e5 v\u00e5r planet.<br \/>\nVi anser att naturen aktivt beh\u00f6ver beskyddas, bevaras och h\u00e5llas ren f\u00f6r kommande generationer, detta ber\u00f6r alla m\u00e4nniskors l\u00e5ngsiktiga v\u00e4lm\u00e5ende och den ekonomiska framg\u00e5ngen \u00e4r beroende av of\u00f6rorenade och outnyttjade naturomr\u00e5den.<\/p>\n<p style=\"text-align: justify;\">D\u00e4rf\u00f6r \u00e4r vi ocks\u00e5 m\u00e5na om ansvarsfullt beteende fr\u00e5n lokalbefolkningen, g\u00e4ster, anst\u00e4llda och v\u00e5ra handelspartners.<\/p>\n<p>[\/vc_column_text][\/vc_column][\/vc_row][vc_row][vc_column][vc_column_text]<\/p>\n<h4 style=\"text-align: center;\">\u201cNaturen \u00e4r v\u00e5rt lekomr\u00e5de. Vi \u00e4r alla en del av naturen \u2013 vi har alla ansvar f\u00f6r den!\u201d<\/h4>\n<p>[\/vc_column_text][\/vc_column][\/vc_row][vc_row][vc_column][he_star_separator][vc_column_text]<\/p>\n<p style=\"text-align: justify;\"><img loading=\"lazy\" decoding=\"async\" class=\"alignright size-full wp-image-1730\" style=\"text-align: justify;\" src=\"http:\/\/mossala-island-resort.com\/wp-content\/uploads\/2016\/02\/nature_mini_02_400px.jpg\" alt=\"nature_mini_02_400px\" width=\"400\" height=\"219\" srcset=\"https:\/\/mossala-island-resort.com\/wp-content\/uploads\/2016\/02\/nature_mini_02_400px.jpg 400w, https:\/\/mossala-island-resort.com\/wp-content\/uploads\/2016\/02\/nature_mini_02_400px-300x164.jpg 300w\" sizes=\"auto, (max-width: 400px) 100vw, 400px\" \/>Vi \u00e4r glada f\u00f6r de f\u00f6rb\u00e4ttrande insatser som g\u00f6rs och utvecklas jorden runt f\u00f6r att skydda det globala klimatet vi alla delar.<\/p>\n<p style=\"text-align: justify;\">Du kan inte bara f\u00f6rst\u00f6ra det du, din familj, andra och framtida generationer ocks\u00e5 vill njuta av!<\/p>\n<p style=\"text-align: justify;\">En \u00f6msesidig \u201dwin-win\u201d \u00e4r vad vi siktar mot med v\u00e5r verksamhet. Resultatet skall vara en positiv och berikande upplevelse f\u00f6r alla involverade.<\/p>\n<p style=\"text-align: justify;\">F\u00f6r oss en holistisk ledning f\u00f6r f\u00f6retagens samh\u00e4llsansvar viktigt (CSR \u2013 Corporate Social Responsibility). D\u00e4rf\u00f6r str\u00e4var vi mot att konstant utveckla detta.<\/p>\n<p>[\/vc_column_text][he_star_separator][\/vc_column][\/vc_row][vc_row][vc_column][vc_column_text]<\/p>\n<h4><em><strong>Vad g\u00f6r vi f\u00f6r att funktionera ekov\u00e4nligt?<\/strong><\/em><\/h4>\n<p>[\/vc_column_text][vc_column_text]<\/p>\n<ul>\n<li>Vi str\u00e4var mot att anv\u00e4nda naturliga och h\u00e5llbara resurser och material, vi undviker s\u00e4rskilt det icke-f\u00f6rnybara.<\/li>\n<li>Vi sparar energi och vatten, h\u00e5ller ner plastkonsumtionen och h\u00e5ller avfallsproduktionen l\u00e5g.<\/li>\n<li>Vi minskar, \u00e5teranv\u00e4nder, \u00e5tervinner och komposterar samt undviker materialism och on\u00f6dig lyx. Ist\u00e4llet str\u00e4var vi till att beskydda och bevara naturens ljud och alla dess g\u00e5vor eftersom vi anser att just det \u00e4r holistisk och h\u00e5llbar lyx f\u00f6r v\u00e5ra kroppar, sinnen och sj\u00e4lar!<\/li>\n<li>Generellt anv\u00e4nder vi lokala r\u00e5varor (t.ex. fiske) och f\u00f6rs\u00f6ker anv\u00e4nda dem mer och mer. V\u00e5ra byggnader \u00e4r konstruerade av lokala naturliga material och byggnaderna har anpassats till naturen och inte tv\u00e4rtom! Maten i v\u00e5r restaurang \u00e4r s\u00e5 s\u00e4songsm\u00e4ssig och regional som m\u00f6jligt (logistiskt).<\/li>\n<li>V\u00e5ra bastur v\u00e4rms med ved fr\u00e5n lokala skogar p\u00e5 \u00f6n.<\/li>\n<\/ul>\n<p>[\/vc_column_text][vc_column_text]<\/p>\n<h4><em><strong>Vad g\u00f6r vi mer f\u00f6r v\u00e5ra sociokulturella skyldigheter?<\/strong><\/em><\/h4>\n<p>[\/vc_column_text][vc_column_text]Eftersom vi \u00e4r en del av naturen, \u00e4r vi f\u00f6rst\u00e5s m\u00e5na om de m\u00e4nniskors v\u00e4lm\u00e5ende som \u00e4r involverade i eller p\u00e5verkade av Mossala Island Resort (lokalbefolkningen, g\u00e4ster, anst\u00e4llda, leverant\u00f6rer och partners).<\/p>\n<ul>\n<li>V\u00e5ra g\u00e4sters s\u00e4kerhet \u00e4r av st\u00f6rsta vikt f\u00f6r oss.<\/li>\n<li>Vi v\u00e4lkomnar familjer samt era husdjur.<\/li>\n<li>Vi har t\u00e4nkt p\u00e5 att r\u00f6relsehindrade skall kunna ta sig till v\u00e5r restaurang samt kunna njuta av n\u00e5gra av v\u00e5ra stugor.<\/li>\n<li>Vi garanterar att den lokala befolkningen runt oss huvudsakligen \u00e4r integrerade i v\u00e5r planering och beslutstagning: vi respekterar och tar h\u00e4nsyn till deras vilja.<\/li>\n<li>Vi vill att lokalbefolkningen skall kunna uppr\u00e4tth\u00e5lla deras traditionella vanor och kultur: vi uppmuntrar autenticitet! F\u00f6r det prisl\u00f6sa v\u00e4rdet av en turistdestination, individualitet och unikt!<\/li>\n<\/ul>\n<p>[\/vc_column_text][vc_column_text]<\/p>\n<h4><em><strong>M\u00e5l f\u00f6r framtiden<\/strong><\/em><\/h4>\n<p>[\/vc_column_text][vc_column_text]Eftersom vi alltid str\u00e4var till att utvecklas, har vi nedan listat n\u00e5gra exempel p\u00e5 CSR-initiativ som \u00e4r aktuella m\u00e5l i framtiden:<\/p>\n<ul>\n<li>Optimering av v\u00e5r milj\u00f6styrning och uppf\u00f6rande (t.ex. genomf\u00f6ra enligt policy och system, f\u00f6rnybar energi, \u00e5tervinningssystem)<\/li>\n<li>Fullf\u00f6lja och fr\u00e4mja kompensationen av v\u00e5r egen, v\u00e5ra leverant\u00f6rers och g\u00e4sters koldioxidutsl\u00e4pp (CO2-utsl\u00e4pp)<\/li>\n<li>Utvidgandet av vad den existerande kulturen och utbildningen bjuder p\u00e5 (integration av lokalbefolkningen)<\/li>\n<\/ul>\n<p>[\/vc_column_text][he_star_separator][\/vc_column][\/vc_row][vc_row][vc_column][vc_column_text]<img decoding=\"async\" class=\"aligncenter size-large wp-image-1746\" src=\"http:\/\/mossala-island-resort.com\/wp-content\/uploads\/2016\/02\/nature_012_L_1800px-1024x526.jpg\" alt=\"nature_012_L_1800px\" width=\"100%\" height=\"100%\" srcset=\"https:\/\/mossala-island-resort.com\/wp-content\/uploads\/2016\/02\/nature_012_L_1800px-1024x526.jpg 1024w, https:\/\/mossala-island-resort.com\/wp-content\/uploads\/2016\/02\/nature_012_L_1800px-300x154.jpg 300w, https:\/\/mossala-island-resort.com\/wp-content\/uploads\/2016\/02\/nature_012_L_1800px.jpg 1600w\" sizes=\"(max-width: 1024px) 100vw, 1024px\" \/>[\/vc_column_text][\/vc_column][\/vc_row]<\/p>\n<\/div>","protected":false},"excerpt":{"rendered":"<p>[vc_row][vc_column][vc_column_text] Filosofiamme on Mossala Island [\/vc_column_text][vc_separator css=&#8221;.vc_custom_1465824872992{padding-bottom: 15px !important;}&#8221;][\/vc_column][vc_column][vc_column_text]Vi \u00e4lskar naturen. Varf\u00f6r? F\u00f6rst och fr\u00e4mst \u00e4r det v\u00e5rt ursprung \u2013 naturen \u00e4r en v\u00e5rdande moder f\u00f6r oss alla. Vi \u00e4r medvetet tacksamma och uppskattar att naturen ger oss mat, l\u00e4kemedel, lugnar ner oss, lugnar v\u00e5ra sinnen och slappnar av v\u00e5r sj\u00e4l. Den delar gener\u00f6st med [&hellip;]<\/p>\n","protected":false},"author":1,"featured_media":0,"parent":0,"menu_order":0,"comment_status":"closed","ping_status":"closed","template":"page-home.php","meta":{"footnotes":""},"categories":[],"tags":[],"class_list":["post-2153","page","type-page","status-publish","hentry"],"yoast_head":"<!-- This site is optimized with the Yoast SEO plugin v25.2 - https:\/\/yoast.com\/wordpress\/plugins\/seo\/ -->\n<title>V\u00c5R FILOSOFI - Mossala Island Resort<\/title>\n<meta name=\"robots\" content=\"index, follow, max-snippet:-1, max-image-preview:large, max-video-preview:-1\" \/>\n<link rel=\"canonical\" href=\"https:\/\/mossala-island-resort.com\/sv\/philosophy\/\" \/>\n<meta property=\"og:locale\" content=\"sv_SE\" \/>\n<meta property=\"og:type\" content=\"article\" \/>\n<meta property=\"og:title\" content=\"V\u00c5R FILOSOFI - Mossala Island Resort\" \/>\n<meta property=\"og:description\" content=\"[vc_row][vc_column][vc_column_text] Filosofiamme on Mossala Island [\/vc_column_text][vc_separator css=&#8221;.vc_custom_1465824872992{padding-bottom: 15px !important;}&#8221;][\/vc_column][vc_column][vc_column_text]Vi \u00e4lskar naturen. Varf\u00f6r? F\u00f6rst och fr\u00e4mst \u00e4r det v\u00e5rt ursprung \u2013 naturen \u00e4r en v\u00e5rdande moder f\u00f6r oss alla. Vi \u00e4r medvetet tacksamma och uppskattar att naturen ger oss mat, l\u00e4kemedel, lugnar ner oss, lugnar v\u00e5ra sinnen och slappnar av v\u00e5r sj\u00e4l. Den delar gener\u00f6st med [&hellip;]\" \/>\n<meta property=\"og:url\" content=\"https:\/\/mossala-island-resort.com\/sv\/philosophy\/\" \/>\n<meta property=\"og:site_name\" content=\"Mossala Island Resort\" \/>\n<meta property=\"article:publisher\" content=\"https:\/\/www.facebook.com\/MossalaIslandResort\/\" \/>\n<meta property=\"article:modified_time\" content=\"2016-06-13T13:35:57+00:00\" \/>\n<meta property=\"og:image\" content=\"http:\/\/mossala-island-resort.com\/wp-content\/uploads\/2016\/02\/Buch_Familie_1000px.jpg\" \/>\n<meta name=\"twitter:card\" content=\"summary_large_image\" \/>\n<meta name=\"twitter:label1\" content=\"Ber\u00e4knad l\u00e4stid\" \/>\n\t<meta name=\"twitter:data1\" content=\"5 minuter\" \/>\n<script type=\"application\/ld+json\" class=\"yoast-schema-graph\">{\"@context\":\"https:\/\/schema.org\",\"@graph\":[{\"@type\":\"WebPage\",\"@id\":\"https:\/\/mossala-island-resort.com\/sv\/philosophy\/\",\"url\":\"https:\/\/mossala-island-resort.com\/sv\/philosophy\/\",\"name\":\"V\u00c5R FILOSOFI - Mossala Island Resort\",\"isPartOf\":{\"@id\":\"https:\/\/mossala-island-resort.com\/#website\"},\"primaryImageOfPage\":{\"@id\":\"https:\/\/mossala-island-resort.com\/sv\/philosophy\/#primaryimage\"},\"image\":{\"@id\":\"https:\/\/mossala-island-resort.com\/sv\/philosophy\/#primaryimage\"},\"thumbnailUrl\":\"http:\/\/mossala-island-resort.com\/wp-content\/uploads\/2016\/02\/Buch_Familie_1000px.jpg\",\"datePublished\":\"2016-02-22T16:47:09+00:00\",\"dateModified\":\"2016-06-13T13:35:57+00:00\",\"breadcrumb\":{\"@id\":\"https:\/\/mossala-island-resort.com\/sv\/philosophy\/#breadcrumb\"},\"inLanguage\":\"sv-SE\",\"potentialAction\":[{\"@type\":\"ReadAction\",\"target\":[\"https:\/\/mossala-island-resort.com\/sv\/philosophy\/\"]}]},{\"@type\":\"ImageObject\",\"inLanguage\":\"sv-SE\",\"@id\":\"https:\/\/mossala-island-resort.com\/sv\/philosophy\/#primaryimage\",\"url\":\"http:\/\/mossala-island-resort.com\/wp-content\/uploads\/2016\/02\/Buch_Familie_1000px.jpg\",\"contentUrl\":\"http:\/\/mossala-island-resort.com\/wp-content\/uploads\/2016\/02\/Buch_Familie_1000px.jpg\"},{\"@type\":\"BreadcrumbList\",\"@id\":\"https:\/\/mossala-island-resort.com\/sv\/philosophy\/#breadcrumb\",\"itemListElement\":[{\"@type\":\"ListItem\",\"position\":1,\"name\":\"Home\",\"item\":\"https:\/\/mossala-island-resort.com\/sv\/\"},{\"@type\":\"ListItem\",\"position\":2,\"name\":\"V\u00c5R FILOSOFI\"}]},{\"@type\":\"WebSite\",\"@id\":\"https:\/\/mossala-island-resort.com\/#website\",\"url\":\"https:\/\/mossala-island-resort.com\/\",\"name\":\"Mossala Island Resort\",\"description\":\"Relaxation and adventure in the heart of the archipelago\",\"potentialAction\":[{\"@type\":\"SearchAction\",\"target\":{\"@type\":\"EntryPoint\",\"urlTemplate\":\"https:\/\/mossala-island-resort.com\/?s={search_term_string}\"},\"query-input\":{\"@type\":\"PropertyValueSpecification\",\"valueRequired\":true,\"valueName\":\"search_term_string\"}}],\"inLanguage\":\"sv-SE\"}]}<\/script>\n<!-- \/ Yoast SEO plugin. -->","yoast_head_json":{"title":"V\u00c5R FILOSOFI - Mossala Island Resort","robots":{"index":"index","follow":"follow","max-snippet":"max-snippet:-1","max-image-preview":"max-image-preview:large","max-video-preview":"max-video-preview:-1"},"canonical":"https:\/\/mossala-island-resort.com\/sv\/philosophy\/","og_locale":"sv_SE","og_type":"article","og_title":"V\u00c5R FILOSOFI - Mossala Island Resort","og_description":"[vc_row][vc_column][vc_column_text] Filosofiamme on Mossala Island [\/vc_column_text][vc_separator css=&#8221;.vc_custom_1465824872992{padding-bottom: 15px !important;}&#8221;][\/vc_column][vc_column][vc_column_text]Vi \u00e4lskar naturen. Varf\u00f6r? F\u00f6rst och fr\u00e4mst \u00e4r det v\u00e5rt ursprung \u2013 naturen \u00e4r en v\u00e5rdande moder f\u00f6r oss alla. Vi \u00e4r medvetet tacksamma och uppskattar att naturen ger oss mat, l\u00e4kemedel, lugnar ner oss, lugnar v\u00e5ra sinnen och slappnar av v\u00e5r sj\u00e4l. Den delar gener\u00f6st med [&hellip;]","og_url":"https:\/\/mossala-island-resort.com\/sv\/philosophy\/","og_site_name":"Mossala Island Resort","article_publisher":"https:\/\/www.facebook.com\/MossalaIslandResort\/","article_modified_time":"2016-06-13T13:35:57+00:00","og_image":[{"url":"http:\/\/mossala-island-resort.com\/wp-content\/uploads\/2016\/02\/Buch_Familie_1000px.jpg","type":"","width":"","height":""}],"twitter_card":"summary_large_image","twitter_misc":{"Ber\u00e4knad l\u00e4stid":"5 minuter"},"schema":{"@context":"https:\/\/schema.org","@graph":[{"@type":"WebPage","@id":"https:\/\/mossala-island-resort.com\/sv\/philosophy\/","url":"https:\/\/mossala-island-resort.com\/sv\/philosophy\/","name":"V\u00c5R FILOSOFI - Mossala Island Resort","isPartOf":{"@id":"https:\/\/mossala-island-resort.com\/#website"},"primaryImageOfPage":{"@id":"https:\/\/mossala-island-resort.com\/sv\/philosophy\/#primaryimage"},"image":{"@id":"https:\/\/mossala-island-resort.com\/sv\/philosophy\/#primaryimage"},"thumbnailUrl":"http:\/\/mossala-island-resort.com\/wp-content\/uploads\/2016\/02\/Buch_Familie_1000px.jpg","datePublished":"2016-02-22T16:47:09+00:00","dateModified":"2016-06-13T13:35:57+00:00","breadcrumb":{"@id":"https:\/\/mossala-island-resort.com\/sv\/philosophy\/#breadcrumb"},"inLanguage":"sv-SE","potentialAction":[{"@type":"ReadAction","target":["https:\/\/mossala-island-resort.com\/sv\/philosophy\/"]}]},{"@type":"ImageObject","inLanguage":"sv-SE","@id":"https:\/\/mossala-island-resort.com\/sv\/philosophy\/#primaryimage","url":"http:\/\/mossala-island-resort.com\/wp-content\/uploads\/2016\/02\/Buch_Familie_1000px.jpg","contentUrl":"http:\/\/mossala-island-resort.com\/wp-content\/uploads\/2016\/02\/Buch_Familie_1000px.jpg"},{"@type":"BreadcrumbList","@id":"https:\/\/mossala-island-resort.com\/sv\/philosophy\/#breadcrumb","itemListElement":[{"@type":"ListItem","position":1,"name":"Home","item":"https:\/\/mossala-island-resort.com\/sv\/"},{"@type":"ListItem","position":2,"name":"V\u00c5R FILOSOFI"}]},{"@type":"WebSite","@id":"https:\/\/mossala-island-resort.com\/#website","url":"https:\/\/mossala-island-resort.com\/","name":"Mossala Island Resort","description":"Relaxation and adventure in the heart of the archipelago","potentialAction":[{"@type":"SearchAction","target":{"@type":"EntryPoint","urlTemplate":"https:\/\/mossala-island-resort.com\/?s={search_term_string}"},"query-input":{"@type":"PropertyValueSpecification","valueRequired":true,"valueName":"search_term_string"}}],"inLanguage":"sv-SE"}]}},"_links":{"self":[{"href":"https:\/\/mossala-island-resort.com\/sv\/wp-json\/wp\/v2\/pages\/2153","targetHints":{"allow":["GET"]}}],"collection":[{"href":"https:\/\/mossala-island-resort.com\/sv\/wp-json\/wp\/v2\/pages"}],"about":[{"href":"https:\/\/mossala-island-resort.com\/sv\/wp-json\/wp\/v2\/types\/page"}],"author":[{"embeddable":true,"href":"https:\/\/mossala-island-resort.com\/sv\/wp-json\/wp\/v2\/users\/1"}],"replies":[{"embeddable":true,"href":"https:\/\/mossala-island-resort.com\/sv\/wp-json\/wp\/v2\/comments?post=2153"}],"version-history":[{"count":10,"href":"https:\/\/mossala-island-resort.com\/sv\/wp-json\/wp\/v2\/pages\/2153\/revisions"}],"predecessor-version":[{"id":2423,"href":"https:\/\/mossala-island-resort.com\/sv\/wp-json\/wp\/v2\/pages\/2153\/revisions\/2423"}],"wp:attachment":[{"href":"https:\/\/mossala-island-resort.com\/sv\/wp-json\/wp\/v2\/media?parent=2153"}],"wp:term":[{"taxonomy":"category","embeddable":true,"href":"https:\/\/mossala-island-resort.com\/sv\/wp-json\/wp\/v2\/categories?post=2153"},{"taxonomy":"post_tag","embeddable":true,"href":"https:\/\/mossala-island-resort.com\/sv\/wp-json\/wp\/v2\/tags?post=2153"}],"curies":[{"name":"wp","href":"https:\/\/api.w.org\/{rel}","templated":true}]}}