{"id":2140,"date":"2013-12-26T15:03:17","date_gmt":"2013-12-26T08:03:17","guid":{"rendered":"http:\/\/mossala-island-resort.com\/home\/?lang=sv"},"modified":"2022-04-12T12:40:36","modified_gmt":"2022-04-12T10:40:36","slug":"home","status":"publish","type":"page","link":"https:\/\/mossala-island-resort.com\/sv\/","title":{"rendered":"Home"},"content":{"rendered":"<div class=\"vce-row-container\" data-vce-boxed-width=\"true\"><div class=\"vce-row vce-row--col-gap-30 vce-row-content--top\" id=\"el-a91142e5\" data-vce-do-apply=\"all el-a91142e5\"><div class=\"vce-row-content\" data-vce-element-content=\"true\"><div class=\"vce-col\" id=\"el-db4282e9\"><div class=\"vce-col-inner\" data-vce-do-apply=\"border margin background  el-db4282e9\"><div class=\"vce-col-content\" data-vce-element-content=\"true\" data-vce-do-apply=\"padding el-db4282e9\"><div class=\"vce-text-block\"><div class=\"vce-text-block-wrapper vce\" id=\"el-2df875a6\" data-vce-do-apply=\"all el-2df875a6\"><!--<br>[vc_row][vc_column][he_block_rooms title=\"<br><h6>Ett perfekt st\u00e4lle att \u00f6vernatta och bo p\u00e5<\/h6><br><h2>BOENDE OCH PRISER<\/h2><br>\" posts_query=\"size:6|order_by:date|order:ASC|post_type:page|tags:49\"][he_star_separator][\/vc_column][\/vc_row]<br>--><br>[vc_row][vc_column][vc_column_text]<br><div class=\"responsive-video\"><iframe loading=\"lazy\" class=\"mossala-movie\" src=\"https:\/\/player.vimeo.com\/video\/156091766\" width=\"100%\" height=\"150\" frameborder=\"0\" allowfullscreen=\"allowfullscreen\"><\/iframe><\/div><br><h6 style=\"text-align: right;\">MOSSALA ISLAND RESORT - Commercial<\/h6><br>[\/vc_column_text][\/vc_column][\/vc_row][vc_row][vc_column][he_star_separator][\/vc_column][\/vc_row][vc_row][vc_column][he_block_rooms title=\"<br><h6>Perfekt f\u00f6r fritidsaktiviteter<\/h6><br><h2>AKTIVITETER &amp; ANNAT<\/h2><br>\" posts_query=\"size:5|order_by:rand|post_type:page|by_id:2696\"][\/vc_column][\/vc_row][vc_row][vc_column][he_star_separator][\/vc_column][\/vc_row][vc_row][vc_column][vc_column_text el_class=\"jana\"]<br><h3 style=\"text-align: left;\"><img decoding=\"async\" class=\"jana alignright\" src=\"https:\/\/mossala-island-resort.com\/wp-content\/uploads\/2013\/12\/Jana_Statement.jpg\" alt=\"\"><\/h3><br><h3 style=\"text-align: left;\">V\u00c5R FILOSOFI<\/h3><br><h4 style=\"text-align: center;\">\u201cNaturen \u00e4r v\u00e5r lekplats. Vi alla \u00e4r en del av naturen \u2013 vi har alla ansvar f\u00f6r den!\u201d<\/h4><br><p style=\"text-align: left;\"><a href=\"http:\/\/mossala-island-resort.com\/philosophy\/?lang=sv\">L\u00e4s mer om v\u00e5r filosofi!<\/a><\/p><br>[\/vc_column_text][\/vc_column][\/vc_row][vc_row][vc_column][he_star_separator][\/vc_column][\/vc_row][vc_row][vc_column][he_testimonials title=\"VAD DE S\u00c4GER OM OSS\" number=\"5\"][\/vc_column][\/vc_row]<\/div><\/div><\/div><\/div><\/div><\/div><\/div><\/div>","protected":false},"excerpt":{"rendered":"[vc_row][vc_column][vc_column_text]MOSSALA ISLAND RESORT - Commercial[\/vc_column_text][\/vc_column][\/vc_row][vc_row][vc_column][he_star_separator][\/vc_column][\/vc_row][vc_row][vc_column][he_block_rooms title=\"Perfekt f\u00f6r fritidsaktiviteterAKTIVITETER &amp; ANNAT\" posts_query=\"size:5|order_by:rand|post_type:page|by_id:2696\"][\/vc_column][\/vc_row][vc_row][vc_column][he_star_separator][\/vc_column][\/vc_row][vc_row][vc_column][vc_column_text el_class=\"jana\"]V\u00c5R FILOSOFI\u201cNaturen \u00e4r v\u00e5r lekplats. Vi alla \u00e4r en del av naturen \u2013 vi har alla ansvar f\u00f6r den!\u201dL\u00e4s mer om v\u00e5r filosofi![\/vc_column_text][\/vc_column][\/vc_row][vc_row][vc_column][he_star_separator][\/vc_column][\/vc_row][vc_row][vc_column][he_testimonials title=\"VAD DE S\u00c4GER OM OSS\" number=\"5\"][\/vc_column][\/vc_row]","protected":false},"author":1,"featured_media":0,"parent":0,"menu_order":0,"comment_status":"open","ping_status":"open","template":"","meta":{"footnotes":""},"categories":[],"tags":[],"class_list":["post-2140","page","type-page","status-publish","hentry"],"yoast_head":"<!-- This site is optimized with the Yoast SEO plugin v25.2 - https:\/\/yoast.com\/wordpress\/plugins\/seo\/ -->\n<title>Mossala Island Resort - Come and enjoy nature!<\/title>\n<meta name=\"description\" content=\"Welcome to Mossala Island Resort! Located in the heart of Finland\u2019s southwestern Archipelago National Park we offer you a beautiful finnish style resort!\" \/>\n<meta name=\"robots\" content=\"index, follow, max-snippet:-1, max-image-preview:large, max-video-preview:-1\" \/>\n<link rel=\"canonical\" href=\"https:\/\/mossala-island-resort.com\/sv\/\" \/>\n<meta property=\"og:locale\" content=\"sv_SE\" \/>\n<meta property=\"og:type\" content=\"article\" \/>\n<meta property=\"og:title\" content=\"Mossala Island Resort - Come and enjoy nature!\" \/>\n<meta property=\"og:description\" content=\"Welcome to Mossala Island Resort! Located in the heart of Finland\u2019s southwestern Archipelago National Park we offer you a beautiful finnish style resort!\" \/>\n<meta property=\"og:url\" content=\"https:\/\/mossala-island-resort.com\/sv\/\" \/>\n<meta property=\"og:site_name\" content=\"Mossala Island Resort\" \/>\n<meta property=\"article:publisher\" content=\"https:\/\/www.facebook.com\/MossalaIslandResort\/\" \/>\n<meta property=\"article:modified_time\" content=\"2022-04-12T10:40:36+00:00\" \/>\n<meta name=\"twitter:card\" content=\"summary_large_image\" \/>\n<meta name=\"twitter:label1\" content=\"Ber\u00e4knad l\u00e4stid\" \/>\n\t<meta name=\"twitter:data1\" content=\"1 minut\" \/>\n<script type=\"application\/ld+json\" class=\"yoast-schema-graph\">{\"@context\":\"https:\/\/schema.org\",\"@graph\":[{\"@type\":\"WebPage\",\"@id\":\"https:\/\/mossala-island-resort.com\/sv\/\",\"url\":\"https:\/\/mossala-island-resort.com\/sv\/\",\"name\":\"Mossala Island Resort - Come and enjoy nature!\",\"isPartOf\":{\"@id\":\"https:\/\/mossala-island-resort.com\/#website\"},\"datePublished\":\"2013-12-26T08:03:17+00:00\",\"dateModified\":\"2022-04-12T10:40:36+00:00\",\"description\":\"Welcome to Mossala Island Resort! Located in the heart of Finland\u2019s southwestern Archipelago National Park we offer you a beautiful finnish style resort!\",\"breadcrumb\":{\"@id\":\"https:\/\/mossala-island-resort.com\/sv\/#breadcrumb\"},\"inLanguage\":\"sv-SE\",\"potentialAction\":[{\"@type\":\"ReadAction\",\"target\":[\"https:\/\/mossala-island-resort.com\/sv\/\"]}]},{\"@type\":\"BreadcrumbList\",\"@id\":\"https:\/\/mossala-island-resort.com\/sv\/#breadcrumb\",\"itemListElement\":[{\"@type\":\"ListItem\",\"position\":1,\"name\":\"Home\",\"item\":\"https:\/\/mossala-island-resort.com\/sv\/\"},{\"@type\":\"ListItem\",\"position\":2,\"name\":\"Home\"}]},{\"@type\":\"WebSite\",\"@id\":\"https:\/\/mossala-island-resort.com\/#website\",\"url\":\"https:\/\/mossala-island-resort.com\/\",\"name\":\"Mossala Island Resort\",\"description\":\"Relaxation and adventure in the heart of the archipelago\",\"potentialAction\":[{\"@type\":\"SearchAction\",\"target\":{\"@type\":\"EntryPoint\",\"urlTemplate\":\"https:\/\/mossala-island-resort.com\/?s={search_term_string}\"},\"query-input\":{\"@type\":\"PropertyValueSpecification\",\"valueRequired\":true,\"valueName\":\"search_term_string\"}}],\"inLanguage\":\"sv-SE\"}]}<\/script>\n<!-- \/ Yoast SEO plugin. -->","yoast_head_json":{"title":"Mossala Island Resort - Come and enjoy nature!","description":"Welcome to Mossala Island Resort! Located in the heart of Finland\u2019s southwestern Archipelago National Park we offer you a beautiful finnish style resort!","robots":{"index":"index","follow":"follow","max-snippet":"max-snippet:-1","max-image-preview":"max-image-preview:large","max-video-preview":"max-video-preview:-1"},"canonical":"https:\/\/mossala-island-resort.com\/sv\/","og_locale":"sv_SE","og_type":"article","og_title":"Mossala Island Resort - Come and enjoy nature!","og_description":"Welcome to Mossala Island Resort! Located in the heart of Finland\u2019s southwestern Archipelago National Park we offer you a beautiful finnish style resort!","og_url":"https:\/\/mossala-island-resort.com\/sv\/","og_site_name":"Mossala Island Resort","article_publisher":"https:\/\/www.facebook.com\/MossalaIslandResort\/","article_modified_time":"2022-04-12T10:40:36+00:00","twitter_card":"summary_large_image","twitter_misc":{"Ber\u00e4knad l\u00e4stid":"1 minut"},"schema":{"@context":"https:\/\/schema.org","@graph":[{"@type":"WebPage","@id":"https:\/\/mossala-island-resort.com\/sv\/","url":"https:\/\/mossala-island-resort.com\/sv\/","name":"Mossala Island Resort - Come and enjoy nature!","isPartOf":{"@id":"https:\/\/mossala-island-resort.com\/#website"},"datePublished":"2013-12-26T08:03:17+00:00","dateModified":"2022-04-12T10:40:36+00:00","description":"Welcome to Mossala Island Resort! Located in the heart of Finland\u2019s southwestern Archipelago National Park we offer you a beautiful finnish style resort!","breadcrumb":{"@id":"https:\/\/mossala-island-resort.com\/sv\/#breadcrumb"},"inLanguage":"sv-SE","potentialAction":[{"@type":"ReadAction","target":["https:\/\/mossala-island-resort.com\/sv\/"]}]},{"@type":"BreadcrumbList","@id":"https:\/\/mossala-island-resort.com\/sv\/#breadcrumb","itemListElement":[{"@type":"ListItem","position":1,"name":"Home","item":"https:\/\/mossala-island-resort.com\/sv\/"},{"@type":"ListItem","position":2,"name":"Home"}]},{"@type":"WebSite","@id":"https:\/\/mossala-island-resort.com\/#website","url":"https:\/\/mossala-island-resort.com\/","name":"Mossala Island Resort","description":"Relaxation and adventure in the heart of the archipelago","potentialAction":[{"@type":"SearchAction","target":{"@type":"EntryPoint","urlTemplate":"https:\/\/mossala-island-resort.com\/?s={search_term_string}"},"query-input":{"@type":"PropertyValueSpecification","valueRequired":true,"valueName":"search_term_string"}}],"inLanguage":"sv-SE"}]}},"_links":{"self":[{"href":"https:\/\/mossala-island-resort.com\/sv\/wp-json\/wp\/v2\/pages\/2140","targetHints":{"allow":["GET"]}}],"collection":[{"href":"https:\/\/mossala-island-resort.com\/sv\/wp-json\/wp\/v2\/pages"}],"about":[{"href":"https:\/\/mossala-island-resort.com\/sv\/wp-json\/wp\/v2\/types\/page"}],"author":[{"embeddable":true,"href":"https:\/\/mossala-island-resort.com\/sv\/wp-json\/wp\/v2\/users\/1"}],"replies":[{"embeddable":true,"href":"https:\/\/mossala-island-resort.com\/sv\/wp-json\/wp\/v2\/comments?post=2140"}],"version-history":[{"count":7,"href":"https:\/\/mossala-island-resort.com\/sv\/wp-json\/wp\/v2\/pages\/2140\/revisions"}],"predecessor-version":[{"id":5901,"href":"https:\/\/mossala-island-resort.com\/sv\/wp-json\/wp\/v2\/pages\/2140\/revisions\/5901"}],"wp:attachment":[{"href":"https:\/\/mossala-island-resort.com\/sv\/wp-json\/wp\/v2\/media?parent=2140"}],"wp:term":[{"taxonomy":"category","embeddable":true,"href":"https:\/\/mossala-island-resort.com\/sv\/wp-json\/wp\/v2\/categories?post=2140"},{"taxonomy":"post_tag","embeddable":true,"href":"https:\/\/mossala-island-resort.com\/sv\/wp-json\/wp\/v2\/tags?post=2140"}],"curies":[{"name":"wp","href":"https:\/\/api.w.org\/{rel}","templated":true}]}}